{"id":897,"date":"2022-04-08T09:30:23","date_gmt":"2022-04-08T07:30:23","guid":{"rendered":"https:\/\/www.cftc-penelope.fr\/?page_id=897"},"modified":"2022-04-08T09:31:48","modified_gmt":"2022-04-08T07:31:48","slug":"reglement-interieur","status":"publish","type":"page","link":"https:\/\/www.cftc-penelope.fr\/index.php\/reglement-interieur\/","title":{"rendered":"R\u00e8glement int\u00e9rieur"},"content":{"rendered":"<p><img fetchpriority=\"high\" decoding=\"async\" class=\"alignnone size-full wp-image-900\" src=\"https:\/\/www.cftc-penelope.fr\/wp-content\/uploads\/2022\/04\/Reglement-Interieur-Penelope-lAgence-2018_Page_1.jpg\" alt=\"\" width=\"1654\" height=\"2339\" srcset=\"https:\/\/www.cftc-penelope.fr\/wp-content\/uploads\/2022\/04\/Reglement-Interieur-Penelope-lAgence-2018_Page_1.jpg 1654w, https:\/\/www.cftc-penelope.fr\/wp-content\/uploads\/2022\/04\/Reglement-Interieur-Penelope-lAgence-2018_Page_1-212x300.jpg 212w, https:\/\/www.cftc-penelope.fr\/wp-content\/uploads\/2022\/04\/Reglement-Interieur-Penelope-lAgence-2018_Page_1-724x1024.jpg 724w, https:\/\/www.cftc-penelope.fr\/wp-content\/uploads\/2022\/04\/Reglement-Interieur-Penelope-lAgence-2018_Page_1-768x1086.jpg 768w, https:\/\/www.cftc-penelope.fr\/wp-content\/uploads\/2022\/04\/Reglement-Interieur-Penelope-lAgence-2018_Page_1-1086x1536.jpg 1086w, https:\/\/www.cftc-penelope.fr\/wp-content\/uploads\/2022\/04\/Reglement-Interieur-Penelope-lAgence-2018_Page_1-1448x2048.jpg 1448w\" sizes=\"(max-width: 1654px) 100vw, 1654px\" \/><\/p>\n<p><img decoding=\"async\" class=\"alignnone size-full wp-image-901\" src=\"https:\/\/www.cftc-penelope.fr\/wp-content\/uploads\/2022\/04\/Reglement-Interieur-Penelope-lAgence-2018_Page_2.jpg\" alt=\"\" width=\"1654\" height=\"2339\" srcset=\"https:\/\/www.cftc-penelope.fr\/wp-content\/uploads\/2022\/04\/Reglement-Interieur-Penelope-lAgence-2018_Page_2.jpg 1654w, https:\/\/www.cftc-penelope.fr\/wp-content\/uploads\/2022\/04\/Reglement-Interieur-Penelope-lAgence-2018_Page_2-212x300.jpg 212w, https:\/\/www.cftc-penelope.fr\/wp-content\/uploads\/2022\/04\/Reglement-Interieur-Penelope-lAgence-2018_Page_2-724x1024.jpg 724w, https:\/\/www.cftc-penelope.fr\/wp-content\/uploads\/2022\/04\/Reglement-Interieur-Penelope-lAgence-2018_Page_2-768x1086.jpg 768w, https:\/\/www.cftc-penelope.fr\/wp-content\/uploads\/2022\/04\/Reglement-Interieur-Penelope-lAgence-2018_Page_2-1086x1536.jpg 1086w, https:\/\/www.cftc-penelope.fr\/wp-content\/uploads\/2022\/04\/Reglement-Interieur-Penelope-lAgence-2018_Page_2-1448x2048.jpg 1448w\" sizes=\"(max-width: 1654px) 100vw, 1654px\" \/><\/p>\n<p><img decoding=\"async\" class=\"alignnone size-full wp-image-902\" src=\"https:\/\/www.cftc-penelope.fr\/wp-content\/uploads\/2022\/04\/Reglement-Interieur-Penelope-lAgence-2018_Page_3.jpg\" alt=\"\" width=\"1654\" height=\"2339\" srcset=\"https:\/\/www.cftc-penelope.fr\/wp-content\/uploads\/2022\/04\/Reglement-Interieur-Penelope-lAgence-2018_Page_3.jpg 1654w, https:\/\/www.cftc-penelope.fr\/wp-content\/uploads\/2022\/04\/Reglement-Interieur-Penelope-lAgence-2018_Page_3-212x300.jpg 212w, https:\/\/www.cftc-penelope.fr\/wp-content\/uploads\/2022\/04\/Reglement-Interieur-Penelope-lAgence-2018_Page_3-724x1024.jpg 724w, https:\/\/www.cftc-penelope.fr\/wp-content\/uploads\/2022\/04\/Reglement-Interieur-Penelope-lAgence-2018_Page_3-768x1086.jpg 768w, https:\/\/www.cftc-penelope.fr\/wp-content\/uploads\/2022\/04\/Reglement-Interieur-Penelope-lAgence-2018_Page_3-1086x1536.jpg 1086w, https:\/\/www.cftc-penelope.fr\/wp-content\/uploads\/2022\/04\/Reglement-Interieur-Penelope-lAgence-2018_Page_3-1448x2048.jpg 1448w\" sizes=\"(max-width: 1654px) 100vw, 1654px\" \/><\/p>\n<p><img loading=\"lazy\" decoding=\"async\" class=\"alignnone size-full wp-image-903\" src=\"https:\/\/www.cftc-penelope.fr\/wp-content\/uploads\/2022\/04\/Reglement-Interieur-Penelope-lAgence-2018_Page_4.jpg\" alt=\"\" width=\"1654\" height=\"2339\" srcset=\"https:\/\/www.cftc-penelope.fr\/wp-content\/uploads\/2022\/04\/Reglement-Interieur-Penelope-lAgence-2018_Page_4.jpg 1654w, https:\/\/www.cftc-penelope.fr\/wp-content\/uploads\/2022\/04\/Reglement-Interieur-Penelope-lAgence-2018_Page_4-212x300.jpg 212w, https:\/\/www.cftc-penelope.fr\/wp-content\/uploads\/2022\/04\/Reglement-Interieur-Penelope-lAgence-2018_Page_4-724x1024.jpg 724w, https:\/\/www.cftc-penelope.fr\/wp-content\/uploads\/2022\/04\/Reglement-Interieur-Penelope-lAgence-2018_Page_4-768x1086.jpg 768w, https:\/\/www.cftc-penelope.fr\/wp-content\/uploads\/2022\/04\/Reglement-Interieur-Penelope-lAgence-2018_Page_4-1086x1536.jpg 1086w, https:\/\/www.cftc-penelope.fr\/wp-content\/uploads\/2022\/04\/Reglement-Interieur-Penelope-lAgence-2018_Page_4-1448x2048.jpg 1448w\" sizes=\"(max-width: 1654px) 100vw, 1654px\" \/><\/p>\n<p><img loading=\"lazy\" decoding=\"async\" class=\"alignnone size-full wp-image-904\" src=\"https:\/\/www.cftc-penelope.fr\/wp-content\/uploads\/2022\/04\/Reglement-Interieur-Penelope-lAgence-2018_Page_5.jpg\" alt=\"\" width=\"1654\" height=\"2339\" srcset=\"https:\/\/www.cftc-penelope.fr\/wp-content\/uploads\/2022\/04\/Reglement-Interieur-Penelope-lAgence-2018_Page_5.jpg 1654w, https:\/\/www.cftc-penelope.fr\/wp-content\/uploads\/2022\/04\/Reglement-Interieur-Penelope-lAgence-2018_Page_5-212x300.jpg 212w, https:\/\/www.cftc-penelope.fr\/wp-content\/uploads\/2022\/04\/Reglement-Interieur-Penelope-lAgence-2018_Page_5-724x1024.jpg 724w, https:\/\/www.cftc-penelope.fr\/wp-content\/uploads\/2022\/04\/Reglement-Interieur-Penelope-lAgence-2018_Page_5-768x1086.jpg 768w, https:\/\/www.cftc-penelope.fr\/wp-content\/uploads\/2022\/04\/Reglement-Interieur-Penelope-lAgence-2018_Page_5-1086x1536.jpg 1086w, https:\/\/www.cftc-penelope.fr\/wp-content\/uploads\/2022\/04\/Reglement-Interieur-Penelope-lAgence-2018_Page_5-1448x2048.jpg 1448w\" sizes=\"(max-width: 1654px) 100vw, 1654px\" \/><\/p>\n<p><img loading=\"lazy\" decoding=\"async\" class=\"alignnone size-full wp-image-899\" src=\"https:\/\/www.cftc-penelope.fr\/wp-content\/uploads\/2022\/04\/Reglement-Interieur-Penelope-lAgence-2018_Page_6.jpg\" alt=\"\" width=\"1654\" height=\"2339\" srcset=\"https:\/\/www.cftc-penelope.fr\/wp-content\/uploads\/2022\/04\/Reglement-Interieur-Penelope-lAgence-2018_Page_6.jpg 1654w, https:\/\/www.cftc-penelope.fr\/wp-content\/uploads\/2022\/04\/Reglement-Interieur-Penelope-lAgence-2018_Page_6-212x300.jpg 212w, https:\/\/www.cftc-penelope.fr\/wp-content\/uploads\/2022\/04\/Reglement-Interieur-Penelope-lAgence-2018_Page_6-724x1024.jpg 724w, https:\/\/www.cftc-penelope.fr\/wp-content\/uploads\/2022\/04\/Reglement-Interieur-Penelope-lAgence-2018_Page_6-768x1086.jpg 768w, https:\/\/www.cftc-penelope.fr\/wp-content\/uploads\/2022\/04\/Reglement-Interieur-Penelope-lAgence-2018_Page_6-1086x1536.jpg 1086w, https:\/\/www.cftc-penelope.fr\/wp-content\/uploads\/2022\/04\/Reglement-Interieur-Penelope-lAgence-2018_Page_6-1448x2048.jpg 1448w\" sizes=\"(max-width: 1654px) 100vw, 1654px\" \/><\/p>\n","protected":false},"excerpt":{"rendered":"","protected":false},"author":1,"featured_media":0,"parent":0,"menu_order":0,"comment_status":"closed","ping_status":"closed","template":"","meta":{"generate_page_header":"","jetpack_post_was_ever_published":false,"footnotes":""},"class_list":["post-897","page","type-page","status-publish"],"yoast_head":"<!-- This site is optimized with the Yoast SEO plugin v27.4 - https:\/\/yoast.com\/product\/yoast-seo-wordpress\/ -->\n<title>R\u00e8glement int\u00e9rieur - CFTC P\u00e9n\u00e9lope<\/title>\n<meta name=\"robots\" content=\"index, follow, max-snippet:-1, max-image-preview:large, max-video-preview:-1\" \/>\n<link rel=\"canonical\" href=\"https:\/\/www.cftc-penelope.fr\/index.php\/reglement-interieur\/\" \/>\n<meta property=\"og:locale\" content=\"fr_FR\" \/>\n<meta property=\"og:type\" content=\"article\" \/>\n<meta property=\"og:title\" content=\"R\u00e8glement int\u00e9rieur - CFTC P\u00e9n\u00e9lope\" \/>\n<meta property=\"og:url\" content=\"https:\/\/www.cftc-penelope.fr\/index.php\/reglement-interieur\/\" \/>\n<meta property=\"og:site_name\" content=\"CFTC P\u00e9n\u00e9lope\" \/>\n<meta property=\"article:modified_time\" content=\"2022-04-08T07:31:48+00:00\" \/>\n<meta property=\"og:image\" content=\"https:\/\/www.cftc-penelope.fr\/wp-content\/uploads\/2022\/04\/Reglement-Interieur-Penelope-lAgence-2018_Page_1.jpg\" \/>\n<meta name=\"twitter:card\" content=\"summary_large_image\" \/>\n<script type=\"application\/ld+json\" class=\"yoast-schema-graph\">{\"@context\":\"https:\\\/\\\/schema.org\",\"@graph\":[{\"@type\":\"WebPage\",\"@id\":\"https:\\\/\\\/www.cftc-penelope.fr\\\/index.php\\\/reglement-interieur\\\/\",\"url\":\"https:\\\/\\\/www.cftc-penelope.fr\\\/index.php\\\/reglement-interieur\\\/\",\"name\":\"R\u00e8glement int\u00e9rieur - CFTC P\u00e9n\u00e9lope\",\"isPartOf\":{\"@id\":\"https:\\\/\\\/www.cftc-penelope.fr\\\/#website\"},\"primaryImageOfPage\":{\"@id\":\"https:\\\/\\\/www.cftc-penelope.fr\\\/index.php\\\/reglement-interieur\\\/#primaryimage\"},\"image\":{\"@id\":\"https:\\\/\\\/www.cftc-penelope.fr\\\/index.php\\\/reglement-interieur\\\/#primaryimage\"},\"thumbnailUrl\":\"https:\\\/\\\/www.cftc-penelope.fr\\\/wp-content\\\/uploads\\\/2022\\\/04\\\/Reglement-Interieur-Penelope-lAgence-2018_Page_1.jpg\",\"datePublished\":\"2022-04-08T07:30:23+00:00\",\"dateModified\":\"2022-04-08T07:31:48+00:00\",\"breadcrumb\":{\"@id\":\"https:\\\/\\\/www.cftc-penelope.fr\\\/index.php\\\/reglement-interieur\\\/#breadcrumb\"},\"inLanguage\":\"fr-FR\",\"potentialAction\":[{\"@type\":\"ReadAction\",\"target\":[\"https:\\\/\\\/www.cftc-penelope.fr\\\/index.php\\\/reglement-interieur\\\/\"]}]},{\"@type\":\"ImageObject\",\"inLanguage\":\"fr-FR\",\"@id\":\"https:\\\/\\\/www.cftc-penelope.fr\\\/index.php\\\/reglement-interieur\\\/#primaryimage\",\"url\":\"https:\\\/\\\/www.cftc-penelope.fr\\\/wp-content\\\/uploads\\\/2022\\\/04\\\/Reglement-Interieur-Penelope-lAgence-2018_Page_1.jpg\",\"contentUrl\":\"https:\\\/\\\/www.cftc-penelope.fr\\\/wp-content\\\/uploads\\\/2022\\\/04\\\/Reglement-Interieur-Penelope-lAgence-2018_Page_1.jpg\",\"width\":1654,\"height\":2339},{\"@type\":\"BreadcrumbList\",\"@id\":\"https:\\\/\\\/www.cftc-penelope.fr\\\/index.php\\\/reglement-interieur\\\/#breadcrumb\",\"itemListElement\":[{\"@type\":\"ListItem\",\"position\":1,\"name\":\"Accueil\",\"item\":\"https:\\\/\\\/www.cftc-penelope.fr\\\/\"},{\"@type\":\"ListItem\",\"position\":2,\"name\":\"R\u00e8glement int\u00e9rieur\"}]},{\"@type\":\"WebSite\",\"@id\":\"https:\\\/\\\/www.cftc-penelope.fr\\\/#website\",\"url\":\"https:\\\/\\\/www.cftc-penelope.fr\\\/\",\"name\":\"CFTC P\u00e9n\u00e9lope\",\"description\":\"\",\"publisher\":{\"@id\":\"https:\\\/\\\/www.cftc-penelope.fr\\\/#organization\"},\"potentialAction\":[{\"@type\":\"SearchAction\",\"target\":{\"@type\":\"EntryPoint\",\"urlTemplate\":\"https:\\\/\\\/www.cftc-penelope.fr\\\/?s={search_term_string}\"},\"query-input\":{\"@type\":\"PropertyValueSpecification\",\"valueRequired\":true,\"valueName\":\"search_term_string\"}}],\"inLanguage\":\"fr-FR\"},{\"@type\":\"Organization\",\"@id\":\"https:\\\/\\\/www.cftc-penelope.fr\\\/#organization\",\"name\":\"CFTC P\u00e9n\u00e9lope\",\"url\":\"https:\\\/\\\/www.cftc-penelope.fr\\\/\",\"logo\":{\"@type\":\"ImageObject\",\"inLanguage\":\"fr-FR\",\"@id\":\"https:\\\/\\\/www.cftc-penelope.fr\\\/#\\\/schema\\\/logo\\\/image\\\/\",\"url\":\"https:\\\/\\\/www.cftc-penelope.fr\\\/wp-content\\\/uploads\\\/2025\\\/09\\\/bandeau-header-cftc-penelope-2025.jpg\",\"contentUrl\":\"https:\\\/\\\/www.cftc-penelope.fr\\\/wp-content\\\/uploads\\\/2025\\\/09\\\/bandeau-header-cftc-penelope-2025.jpg\",\"width\":1500,\"height\":307,\"caption\":\"CFTC P\u00e9n\u00e9lope\"},\"image\":{\"@id\":\"https:\\\/\\\/www.cftc-penelope.fr\\\/#\\\/schema\\\/logo\\\/image\\\/\"}}]}<\/script>\n<!-- \/ Yoast SEO plugin. -->","yoast_head_json":{"title":"R\u00e8glement int\u00e9rieur - CFTC P\u00e9n\u00e9lope","robots":{"index":"index","follow":"follow","max-snippet":"max-snippet:-1","max-image-preview":"max-image-preview:large","max-video-preview":"max-video-preview:-1"},"canonical":"https:\/\/www.cftc-penelope.fr\/index.php\/reglement-interieur\/","og_locale":"fr_FR","og_type":"article","og_title":"R\u00e8glement int\u00e9rieur - CFTC P\u00e9n\u00e9lope","og_url":"https:\/\/www.cftc-penelope.fr\/index.php\/reglement-interieur\/","og_site_name":"CFTC P\u00e9n\u00e9lope","article_modified_time":"2022-04-08T07:31:48+00:00","og_image":[{"url":"https:\/\/www.cftc-penelope.fr\/wp-content\/uploads\/2022\/04\/Reglement-Interieur-Penelope-lAgence-2018_Page_1.jpg","type":"","width":"","height":""}],"twitter_card":"summary_large_image","schema":{"@context":"https:\/\/schema.org","@graph":[{"@type":"WebPage","@id":"https:\/\/www.cftc-penelope.fr\/index.php\/reglement-interieur\/","url":"https:\/\/www.cftc-penelope.fr\/index.php\/reglement-interieur\/","name":"R\u00e8glement int\u00e9rieur - CFTC P\u00e9n\u00e9lope","isPartOf":{"@id":"https:\/\/www.cftc-penelope.fr\/#website"},"primaryImageOfPage":{"@id":"https:\/\/www.cftc-penelope.fr\/index.php\/reglement-interieur\/#primaryimage"},"image":{"@id":"https:\/\/www.cftc-penelope.fr\/index.php\/reglement-interieur\/#primaryimage"},"thumbnailUrl":"https:\/\/www.cftc-penelope.fr\/wp-content\/uploads\/2022\/04\/Reglement-Interieur-Penelope-lAgence-2018_Page_1.jpg","datePublished":"2022-04-08T07:30:23+00:00","dateModified":"2022-04-08T07:31:48+00:00","breadcrumb":{"@id":"https:\/\/www.cftc-penelope.fr\/index.php\/reglement-interieur\/#breadcrumb"},"inLanguage":"fr-FR","potentialAction":[{"@type":"ReadAction","target":["https:\/\/www.cftc-penelope.fr\/index.php\/reglement-interieur\/"]}]},{"@type":"ImageObject","inLanguage":"fr-FR","@id":"https:\/\/www.cftc-penelope.fr\/index.php\/reglement-interieur\/#primaryimage","url":"https:\/\/www.cftc-penelope.fr\/wp-content\/uploads\/2022\/04\/Reglement-Interieur-Penelope-lAgence-2018_Page_1.jpg","contentUrl":"https:\/\/www.cftc-penelope.fr\/wp-content\/uploads\/2022\/04\/Reglement-Interieur-Penelope-lAgence-2018_Page_1.jpg","width":1654,"height":2339},{"@type":"BreadcrumbList","@id":"https:\/\/www.cftc-penelope.fr\/index.php\/reglement-interieur\/#breadcrumb","itemListElement":[{"@type":"ListItem","position":1,"name":"Accueil","item":"https:\/\/www.cftc-penelope.fr\/"},{"@type":"ListItem","position":2,"name":"R\u00e8glement int\u00e9rieur"}]},{"@type":"WebSite","@id":"https:\/\/www.cftc-penelope.fr\/#website","url":"https:\/\/www.cftc-penelope.fr\/","name":"CFTC P\u00e9n\u00e9lope","description":"","publisher":{"@id":"https:\/\/www.cftc-penelope.fr\/#organization"},"potentialAction":[{"@type":"SearchAction","target":{"@type":"EntryPoint","urlTemplate":"https:\/\/www.cftc-penelope.fr\/?s={search_term_string}"},"query-input":{"@type":"PropertyValueSpecification","valueRequired":true,"valueName":"search_term_string"}}],"inLanguage":"fr-FR"},{"@type":"Organization","@id":"https:\/\/www.cftc-penelope.fr\/#organization","name":"CFTC P\u00e9n\u00e9lope","url":"https:\/\/www.cftc-penelope.fr\/","logo":{"@type":"ImageObject","inLanguage":"fr-FR","@id":"https:\/\/www.cftc-penelope.fr\/#\/schema\/logo\/image\/","url":"https:\/\/www.cftc-penelope.fr\/wp-content\/uploads\/2025\/09\/bandeau-header-cftc-penelope-2025.jpg","contentUrl":"https:\/\/www.cftc-penelope.fr\/wp-content\/uploads\/2025\/09\/bandeau-header-cftc-penelope-2025.jpg","width":1500,"height":307,"caption":"CFTC P\u00e9n\u00e9lope"},"image":{"@id":"https:\/\/www.cftc-penelope.fr\/#\/schema\/logo\/image\/"}}]}},"jetpack_sharing_enabled":true,"jetpack_shortlink":"https:\/\/wp.me\/P9G9l6-et","_links":{"self":[{"href":"https:\/\/www.cftc-penelope.fr\/index.php\/wp-json\/wp\/v2\/pages\/897","targetHints":{"allow":["GET"]}}],"collection":[{"href":"https:\/\/www.cftc-penelope.fr\/index.php\/wp-json\/wp\/v2\/pages"}],"about":[{"href":"https:\/\/www.cftc-penelope.fr\/index.php\/wp-json\/wp\/v2\/types\/page"}],"author":[{"embeddable":true,"href":"https:\/\/www.cftc-penelope.fr\/index.php\/wp-json\/wp\/v2\/users\/1"}],"replies":[{"embeddable":true,"href":"https:\/\/www.cftc-penelope.fr\/index.php\/wp-json\/wp\/v2\/comments?post=897"}],"version-history":[{"count":3,"href":"https:\/\/www.cftc-penelope.fr\/index.php\/wp-json\/wp\/v2\/pages\/897\/revisions"}],"predecessor-version":[{"id":906,"href":"https:\/\/www.cftc-penelope.fr\/index.php\/wp-json\/wp\/v2\/pages\/897\/revisions\/906"}],"wp:attachment":[{"href":"https:\/\/www.cftc-penelope.fr\/index.php\/wp-json\/wp\/v2\/media?parent=897"}],"curies":[{"name":"wp","href":"https:\/\/api.w.org\/{rel}","templated":true}]}}