{"id":820,"date":"2022-03-17T16:33:45","date_gmt":"2022-03-17T15:33:45","guid":{"rendered":"https:\/\/www.cftc-penelope.fr\/?page_id=820"},"modified":"2025-09-04T12:34:02","modified_gmt":"2025-09-04T10:34:02","slug":"accueil","status":"publish","type":"page","link":"https:\/\/www.cftc-penelope.fr\/","title":{"rendered":"Accueil"},"content":{"rendered":"\t\t<div data-elementor-type=\"wp-page\" data-elementor-id=\"820\" class=\"elementor elementor-820\">\n\t\t\t\t\t\t<section class=\"elementor-section elementor-top-section elementor-element elementor-element-ed81287 elementor-section-boxed elementor-section-height-default elementor-section-height-default\" data-id=\"ed81287\" data-element_type=\"section\" data-e-type=\"section\">\n\t\t\t\t\t\t<div class=\"elementor-container elementor-column-gap-default\">\n\t\t\t\t\t<div class=\"elementor-column elementor-col-50 elementor-top-column elementor-element elementor-element-dc5e2da\" data-id=\"dc5e2da\" data-element_type=\"column\" data-e-type=\"column\">\n\t\t\t<div class=\"elementor-widget-wrap elementor-element-populated\">\n\t\t\t\t\t\t<div class=\"elementor-element elementor-element-ef53f6f elementor-widget elementor-widget-text-editor\" data-id=\"ef53f6f\" data-element_type=\"widget\" data-e-type=\"widget\" data-widget_type=\"text-editor.default\">\n\t\t\t\t<div class=\"elementor-widget-container\">\n\t\t\t\t\t\t\t\t\t<div><span style=\"font-size: 14pt;\"><strong><span style=\"font-family: helvetica, arial, sans-serif;\"><span style=\"color: #000000;\">L\u2019\u00e9quipe<\/span> <span style=\"color: #b8078e;\">CFTC P\u00e9n\u00e9lope L\u2019Agence<\/span> <span style=\"color: #000000;\">est constitu\u00e9e de<\/span> <span style=\"color: #000000;\">salari\u00e9.e.s de tous les m\u00e9tiers de notre secteur, dans toutes les r\u00e9gions, qui continuent d\u2019occuper leurs postes respectifs et sont donc en mesure de comprendre vos probl\u00e9matiques !<\/span><\/span><\/strong><\/span><\/div><div>\u00a0<\/div><div><span style=\"font-size: 14pt;\"><strong><span style=\"color: #000000; font-family: helvetica, arial, sans-serif;\">Forts de notre exp\u00e9rience, nous privil\u00e9gions le travail en \u00e9quipe et la communication entre salari\u00e9.e.s <\/span><span style=\"color: #000000;\"><span style=\"caret-color: #000000;\">pour casser<\/span><\/span>\u00a0<span style=\"color: #000000;\">l<\/span><span style=\"font-family: helvetica, arial, sans-serif; color: #b8078e;\">\u2019isolement<\/span><span style=\"font-family: helvetica, arial, sans-serif; color: #000000;\">, si courant au sein de notre entreprise.\u00a0<\/span><\/strong><\/span><br \/><span style=\"font-size: 14pt;\"><strong><span style=\"font-family: helvetica, arial, sans-serif; color: #000000;\"><br \/><\/span><\/strong><strong><span style=\"font-family: helvetica, arial, sans-serif; color: #000000;\">La<\/span> <span style=\"color: #b8078e;\"><span style=\"font-family: helvetica, arial, sans-serif;\">non<\/span> <span style=\"font-family: helvetica, arial, sans-serif;\">reconnaissance<\/span><\/span> <span style=\"font-family: helvetica, arial, sans-serif; color: #000000;\">du travail, <span style=\"color: #b8078e;\">l\u2019<\/span><\/span><span style=\"font-family: helvetica, arial, sans-serif; color: #b8078e;\">ajout de t\u00e2ches<\/span> <span style=\"font-family: helvetica, arial, sans-serif; color: #000000;\">\u00e0 l\u2019infini (sans contrepartie),<span style=\"color: #b8078e;\"> l\u2019<\/span><\/span><span style=\"font-family: helvetica, arial, sans-serif; color: #b8078e;\">absence d\u2019\u00e9coute<\/span> <span style=\"font-family: helvetica, arial, sans-serif; color: #000000;\">de la part de la direction et de soutien face \u00e0 des<\/span> <span style=\"font-family: helvetica, arial, sans-serif; color: #d90d9f;\"><span style=\"color: #b8078e;\">clients<\/span> <span style=\"color: #b8078e;\">abusifs<\/span><\/span> <span style=\"font-family: helvetica, arial, sans-serif; color: #000000;\">sont des situations que nous vivons toutes et tous au quotidien.<\/span> <span style=\"font-family: helvetica, arial, sans-serif; color: #b8078e;\">Il est important d\u2019\u00eatre prot\u00e9g\u00e9.e.s.<\/span><\/strong><\/span><\/div><div>\u00a0<\/div><div style=\"text-align: center;\">\u00a0<\/div>\t\t\t\t\t\t\t\t<\/div>\n\t\t\t\t<\/div>\n\t\t\t\t\t<\/div>\n\t\t<\/div>\n\t\t\t\t<div class=\"elementor-column elementor-col-50 elementor-top-column elementor-element elementor-element-15e7f80\" data-id=\"15e7f80\" data-element_type=\"column\" data-e-type=\"column\">\n\t\t\t<div class=\"elementor-widget-wrap elementor-element-populated\">\n\t\t\t\t\t\t<div class=\"elementor-element elementor-element-8b25d24 elementor-widget elementor-widget-video\" data-id=\"8b25d24\" data-element_type=\"widget\" data-e-type=\"widget\" data-settings=\"{&quot;image_overlay&quot;:{&quot;url&quot;:&quot;&quot;,&quot;id&quot;:&quot;&quot;,&quot;size&quot;:&quot;&quot;,&quot;alt&quot;:&quot;&quot;,&quot;source&quot;:&quot;library&quot;},&quot;show_image_overlay&quot;:&quot;yes&quot;,&quot;video_type&quot;:&quot;hosted&quot;,&quot;controls&quot;:&quot;yes&quot;}\" data-widget_type=\"video.default\">\n\t\t\t\t<div class=\"elementor-widget-container\">\n\t\t\t\t\t\t\t<div class=\"e-hosted-video elementor-wrapper elementor-open-inline\">\n\t\t\t\t\t<video class=\"elementor-video\" src=\"https:\/\/www.cftc-penelope.fr\/wp-content\/uploads\/2025\/09\/CFTC-Temoignage-2025-final.mp4\" controls=\"\" preload=\"metadata\" controlsList=\"nodownload\" poster=\"https:\/\/www.cftc-penelope.fr\/wp-content\/uploads\/2023\/05\/cftc-penelope-temoignages.jpg\"><\/video>\n\t\t\t\t<\/div>\n\t\t\t\t\t\t<\/div>\n\t\t\t\t<\/div>\n\t\t\t\t<div class=\"elementor-element elementor-element-4243650 elementor-widget elementor-widget-text-editor\" data-id=\"4243650\" data-element_type=\"widget\" data-e-type=\"widget\" data-widget_type=\"text-editor.default\">\n\t\t\t\t<div class=\"elementor-widget-container\">\n\t\t\t\t\t\t\t\t\t<p style=\"text-align: center;\"><strong><em>T\u00e9moignages des salari\u00e9s P\u00e9n\u00e9lope<\/em><\/strong><\/p>\t\t\t\t\t\t\t\t<\/div>\n\t\t\t\t<\/div>\n\t\t\t\t\t<\/div>\n\t\t<\/div>\n\t\t\t\t\t<\/div>\n\t\t<\/section>\n\t\t\t\t<section class=\"elementor-section elementor-top-section elementor-element elementor-element-5129e44 elementor-section-boxed elementor-section-height-default elementor-section-height-default\" data-id=\"5129e44\" data-element_type=\"section\" data-e-type=\"section\">\n\t\t\t\t\t\t<div class=\"elementor-container elementor-column-gap-default\">\n\t\t\t\t\t<div class=\"elementor-column elementor-col-33 elementor-top-column elementor-element elementor-element-36e36c7\" data-id=\"36e36c7\" data-element_type=\"column\" data-e-type=\"column\">\n\t\t\t<div class=\"elementor-widget-wrap\">\n\t\t\t\t\t\t\t<\/div>\n\t\t<\/div>\n\t\t\t\t<div class=\"elementor-column elementor-col-33 elementor-top-column elementor-element elementor-element-fdc9119\" data-id=\"fdc9119\" data-element_type=\"column\" data-e-type=\"column\">\n\t\t\t<div class=\"elementor-widget-wrap elementor-element-populated\">\n\t\t\t\t\t\t<div class=\"elementor-element elementor-element-569ef79 elementor-widget elementor-widget-text-editor\" data-id=\"569ef79\" data-element_type=\"widget\" data-e-type=\"widget\" data-widget_type=\"text-editor.default\">\n\t\t\t\t<div class=\"elementor-widget-container\">\n\t\t\t\t\t\t\t\t\t<h3 style=\"text-align: center;\"><span style=\"color: #000000;\"><strong>Pr\u00e9sentation de l&rsquo;\u00e9quipe<\/strong><\/span><\/h3>\t\t\t\t\t\t\t\t<\/div>\n\t\t\t\t<\/div>\n\t\t\t\t<div class=\"elementor-element elementor-element-562435d elementor-widget elementor-widget-video\" data-id=\"562435d\" data-element_type=\"widget\" data-e-type=\"widget\" data-settings=\"{&quot;video_type&quot;:&quot;hosted&quot;,&quot;controls&quot;:&quot;yes&quot;}\" data-widget_type=\"video.default\">\n\t\t\t\t<div class=\"elementor-widget-container\">\n\t\t\t\t\t\t\t<div class=\"e-hosted-video elementor-wrapper elementor-open-inline\">\n\t\t\t\t\t<video class=\"elementor-video\" src=\"https:\/\/www.cftc-penelope.fr\/wp-content\/uploads\/2025\/09\/cftc_2025.mp4\" controls=\"\" preload=\"metadata\" controlsList=\"nodownload\" poster=\"https:\/\/www.cftc-penelope.fr\/wp-content\/uploads\/2023\/05\/presentation-equipe-cftc-penelope.jpg\"><\/video>\n\t\t\t\t<\/div>\n\t\t\t\t\t\t<\/div>\n\t\t\t\t<\/div>\n\t\t\t\t\t<\/div>\n\t\t<\/div>\n\t\t\t\t<div class=\"elementor-column elementor-col-33 elementor-top-column elementor-element elementor-element-7e68817\" data-id=\"7e68817\" data-element_type=\"column\" data-e-type=\"column\">\n\t\t\t<div class=\"elementor-widget-wrap\">\n\t\t\t\t\t\t\t<\/div>\n\t\t<\/div>\n\t\t\t\t\t<\/div>\n\t\t<\/section>\n\t\t\t\t<section class=\"elementor-section elementor-top-section elementor-element elementor-element-3a07c4e elementor-section-full_width elementor-section-height-default elementor-section-height-default\" data-id=\"3a07c4e\" data-element_type=\"section\" data-e-type=\"section\" data-settings=\"{&quot;background_background&quot;:&quot;slideshow&quot;,&quot;background_slideshow_gallery&quot;:[],&quot;background_slideshow_loop&quot;:&quot;yes&quot;,&quot;background_slideshow_slide_duration&quot;:5000,&quot;background_slideshow_slide_transition&quot;:&quot;fade&quot;,&quot;background_slideshow_transition_duration&quot;:500}\">\n\t\t\t\t\t\t<div class=\"elementor-container elementor-column-gap-default\">\n\t\t\t\t\t<div class=\"elementor-column elementor-col-100 elementor-top-column elementor-element elementor-element-3cc4072\" data-id=\"3cc4072\" data-element_type=\"column\" data-e-type=\"column\">\n\t\t\t<div class=\"elementor-widget-wrap elementor-element-populated\">\n\t\t\t\t\t\t<div class=\"elementor-element elementor-element-52e7144 elementor-widget-divider--view-line elementor-widget elementor-widget-divider\" data-id=\"52e7144\" data-element_type=\"widget\" data-e-type=\"widget\" data-widget_type=\"divider.default\">\n\t\t\t\t<div class=\"elementor-widget-container\">\n\t\t\t\t\t\t\t<div class=\"elementor-divider\">\n\t\t\t<span class=\"elementor-divider-separator\">\n\t\t\t\t\t\t<\/span>\n\t\t<\/div>\n\t\t\t\t\t\t<\/div>\n\t\t\t\t<\/div>\n\t\t\t\t<div class=\"elementor-element elementor-element-199889f elementor-widget__width-initial elementor-widget elementor-widget-text-editor\" data-id=\"199889f\" data-element_type=\"widget\" data-e-type=\"widget\" data-widget_type=\"text-editor.default\">\n\t\t\t\t<div class=\"elementor-widget-container\">\n\t\t\t\t\t\t\t\t\t<h2 style=\"text-align: center;\"><span style=\"color: #000000;\"><strong>ACTUALIT\u00c9S<\/strong><\/span><\/h2><p>\n\t<div class=\"sp_news_static design-48 wpnaw-grid-3 wpnaw-news-grid wpnaw-clearfix\">\n\n\t\t\t\t  \t\n\t\t\t\n            <div class=\"news-grid wpnews-medium-4 wpnews-columns  wpnw-first \">\n<a class=\"link-overlay\" href=\"https:\/\/www.cftc-penelope.fr\/index.php\/news\/newsletter-mai-2025\/\" target=\"_self\"><\/a>\n\t<div class=\"news_overlay\">\n  \t\t\n  \t\t<div class=\"news-image-bg\" style=\"\">\n\t\t\t\t\t\t<img decoding=\"async\" src=\"https:\/\/www.cftc-penelope.fr\/wp-content\/uploads\/2025\/09\/Tract-postal-mai-2025_Page_1-scaled.jpg\" alt=\"Newsletter mai 2025\" \/>\n\t\t\t\t\t<\/div>\n\n\t\t<div class=\"news-grid-content\">\n\t\t\t<div class=\"news-content\">\n\n\t\t\t\t\t\t\t\t<div class=\"news-categories\">\t\n\t\t\t\t<a href=\"https:\/\/www.cftc-penelope.fr\/index.php\/news-category\/actualites\/\">Actualit\u00e9s<\/a> <a href=\"https:\/\/www.cftc-penelope.fr\/index.php\/news-category\/newsletter\/\">NewsLetter<\/a>\t\t\t\t<\/div>\n\t\t\t\t\n\t\t\t\t<h2 class=\"news-title\">\n\t\t\t\t\t<a href=\"https:\/\/www.cftc-penelope.fr\/index.php\/news\/newsletter-mai-2025\/\" target=\"_self\">Newsletter mai 2025<\/a>\n\t\t\t\t<\/h2>\n\n\t\t\t\t\t\t\t\t<div class=\"news-date\">\n\t\t\t\t\t23\/05\/2025\t\t\t\t<\/div>\n\t\t\t\t\t\t\t<\/div>\n\t\t<\/div>\n\n\t<\/div>\n<\/div><div class=\"news-grid wpnews-medium-4 wpnews-columns \">\n<a class=\"link-overlay\" href=\"https:\/\/www.cftc-penelope.fr\/index.php\/news\/newsletter-avril-2023\/\" target=\"_self\"><\/a>\n\t<div class=\"news_overlay\">\n  \t\t\n  \t\t<div class=\"news-image-bg\" style=\"\">\n\t\t\t\t\t\t<img decoding=\"async\" src=\"https:\/\/www.cftc-penelope.fr\/wp-content\/uploads\/2023\/05\/Newsletter-avril-2023_page-0001-scaled.jpg\" alt=\"Newsletter avril 2023\" \/>\n\t\t\t\t\t<\/div>\n\n\t\t<div class=\"news-grid-content\">\n\t\t\t<div class=\"news-content\">\n\n\t\t\t\t\t\t\t\t<div class=\"news-categories\">\t\n\t\t\t\t<a href=\"https:\/\/www.cftc-penelope.fr\/index.php\/news-category\/actualites\/\">Actualit\u00e9s<\/a>\t\t\t\t<\/div>\n\t\t\t\t\n\t\t\t\t<h2 class=\"news-title\">\n\t\t\t\t\t<a href=\"https:\/\/www.cftc-penelope.fr\/index.php\/news\/newsletter-avril-2023\/\" target=\"_self\">Newsletter avril 2023<\/a>\n\t\t\t\t<\/h2>\n\n\t\t\t\t\t\t\t\t<div class=\"news-date\">\n\t\t\t\t\t23\/05\/2023\t\t\t\t<\/div>\n\t\t\t\t\t\t\t<\/div>\n\t\t<\/div>\n\n\t<\/div>\n<\/div><div class=\"news-grid wpnews-medium-4 wpnews-columns  wpnw-last \">\n<a class=\"link-overlay\" href=\"https:\/\/www.cftc-penelope.fr\/index.php\/news\/newsletter-fevrier-mars-2022\/\" target=\"_self\"><\/a>\n\t<div class=\"news_overlay\">\n  \t\t\n  \t\t<div class=\"news-image-bg\" style=\"\">\n\t\t\t\t\t\t<img decoding=\"async\" src=\"https:\/\/www.cftc-penelope.fr\/wp-content\/uploads\/2022\/03\/Newsletter-fevrier-mars-2022-scaled.jpg\" alt=\"Newsletter f\u00e9vrier-mars 2022\" \/>\n\t\t\t\t\t<\/div>\n\n\t\t<div class=\"news-grid-content\">\n\t\t\t<div class=\"news-content\">\n\n\t\t\t\t\t\t\t\t<div class=\"news-categories\">\t\n\t\t\t\t<a href=\"https:\/\/www.cftc-penelope.fr\/index.php\/news-category\/actualites\/\">Actualit\u00e9s<\/a>\t\t\t\t<\/div>\n\t\t\t\t\n\t\t\t\t<h2 class=\"news-title\">\n\t\t\t\t\t<a href=\"https:\/\/www.cftc-penelope.fr\/index.php\/news\/newsletter-fevrier-mars-2022\/\" target=\"_self\">Newsletter f\u00e9vrier-mars 2022<\/a>\n\t\t\t\t<\/h2>\n\n\t\t\t\t\t\t\t\t<div class=\"news-date\">\n\t\t\t\t\t17\/03\/2022\t\t\t\t<\/div>\n\t\t\t\t\t\t\t<\/div>\n\t\t<\/div>\n\n\t<\/div>\n<\/div><div class=\"news-grid wpnews-medium-4 wpnews-columns  wpnw-first  wpnw-last \">\n<a class=\"link-overlay\" href=\"https:\/\/www.cftc-penelope.fr\/index.php\/news\/newsletter-decembre-2021\/\" target=\"_self\"><\/a>\n\t<div class=\"news_overlay\">\n  \t\t\n  \t\t<div class=\"news-image-bg\" style=\"\">\n\t\t\t\t\t\t<img decoding=\"async\" src=\"https:\/\/www.cftc-penelope.fr\/wp-content\/uploads\/2022\/03\/Newsletter-decembre-2021-scaled.jpg\" alt=\"Newsletter d\u00e9cembre 2021\" \/>\n\t\t\t\t\t<\/div>\n\n\t\t<div class=\"news-grid-content\">\n\t\t\t<div class=\"news-content\">\n\n\t\t\t\t\t\t\t\t<div class=\"news-categories\">\t\n\t\t\t\t<a href=\"https:\/\/www.cftc-penelope.fr\/index.php\/news-category\/actualites\/\">Actualit\u00e9s<\/a>\t\t\t\t<\/div>\n\t\t\t\t\n\t\t\t\t<h2 class=\"news-title\">\n\t\t\t\t\t<a href=\"https:\/\/www.cftc-penelope.fr\/index.php\/news\/newsletter-decembre-2021\/\" target=\"_self\">Newsletter d\u00e9cembre 2021<\/a>\n\t\t\t\t<\/h2>\n\n\t\t\t\t\t\t\t\t<div class=\"news-date\">\n\t\t\t\t\t31\/12\/2021\t\t\t\t<\/div>\n\t\t\t\t\t\t\t<\/div>\n\t\t<\/div>\n\n\t<\/div>\n<\/div>\t\t\t\t\n\t<\/div>\n\n\t<\/p>\t\t\t\t\t\t\t\t<\/div>\n\t\t\t\t<\/div>\n\t\t\t\t\t<\/div>\n\t\t<\/div>\n\t\t\t\t\t<\/div>\n\t\t<\/section>\n\t\t\t\t<\/div>\n\t\t","protected":false},"excerpt":{"rendered":"<p>L\u2019\u00e9quipe CFTC P\u00e9n\u00e9lope L\u2019Agence est constitu\u00e9e de salari\u00e9.e.s de tous les m\u00e9tiers de notre secteur, dans toutes les r\u00e9gions, qui continuent d\u2019occuper leurs postes respectifs et sont donc en mesure de comprendre vos probl\u00e9matiques !\u00a0Forts de notre exp\u00e9rience, nous privil\u00e9gions le travail en \u00e9quipe et la communication entre salari\u00e9.e.s pour casser\u00a0l\u2019isolement, si courant au sein de notre entreprise.\u00a0La non reconnaissance &#8230; <a title=\"Newsletter d\u00e9cembre 2021\" class=\"read-more\" href=\"https:\/\/www.cftc-penelope.fr\/index.php\/news\/newsletter-decembre-2021\/\" aria-label=\"En savoir plus sur Newsletter d\u00e9cembre 2021\">Lire plus<\/a><\/p>\n","protected":false},"author":1,"featured_media":0,"parent":0,"menu_order":0,"comment_status":"closed","ping_status":"closed","template":"elementor_header_footer","meta":{"generate_page_header":"","jetpack_post_was_ever_published":false,"footnotes":""},"class_list":["post-820","page","type-page","status-publish","hentry","resize-featured-image"],"yoast_head":"<!-- This site is optimized with the Yoast SEO plugin v27.4 - https:\/\/yoast.com\/product\/yoast-seo-wordpress\/ -->\n<title>Accueil - CFTC P\u00e9n\u00e9lope<\/title>\n<meta name=\"robots\" content=\"index, follow, max-snippet:-1, max-image-preview:large, max-video-preview:-1\" \/>\n<link rel=\"canonical\" href=\"https:\/\/www.cftc-penelope.fr\/\" \/>\n<meta property=\"og:locale\" content=\"fr_FR\" \/>\n<meta property=\"og:type\" content=\"article\" \/>\n<meta property=\"og:title\" content=\"Accueil - CFTC P\u00e9n\u00e9lope\" \/>\n<meta property=\"og:description\" content=\"L\u2019\u00e9quipe CFTC P\u00e9n\u00e9lope L\u2019Agence est constitu\u00e9e de salari\u00e9.e.s de tous les m\u00e9tiers de notre secteur, dans toutes les r\u00e9gions, qui continuent d\u2019occuper leurs postes respectifs et sont donc en mesure de comprendre vos probl\u00e9matiques !\u00a0Forts de notre exp\u00e9rience, nous privil\u00e9gions le travail en \u00e9quipe et la communication entre salari\u00e9.e.s pour casser\u00a0l\u2019isolement, si courant au sein de notre entreprise.\u00a0La non reconnaissance ... Lire plus\" \/>\n<meta property=\"og:url\" content=\"https:\/\/www.cftc-penelope.fr\/\" \/>\n<meta property=\"og:site_name\" content=\"CFTC P\u00e9n\u00e9lope\" \/>\n<meta property=\"article:modified_time\" content=\"2025-09-04T10:34:02+00:00\" \/>\n<meta name=\"twitter:card\" content=\"summary_large_image\" \/>\n<meta name=\"twitter:label1\" content=\"Dur\u00e9e de lecture estim\u00e9e\" \/>\n\t<meta name=\"twitter:data1\" content=\"2 minutes\" \/>\n<script type=\"application\/ld+json\" class=\"yoast-schema-graph\">{\"@context\":\"https:\\\/\\\/schema.org\",\"@graph\":[{\"@type\":\"WebPage\",\"@id\":\"https:\\\/\\\/www.cftc-penelope.fr\\\/\",\"url\":\"https:\\\/\\\/www.cftc-penelope.fr\\\/\",\"name\":\"Accueil - CFTC P\u00e9n\u00e9lope\",\"isPartOf\":{\"@id\":\"https:\\\/\\\/www.cftc-penelope.fr\\\/#website\"},\"datePublished\":\"2022-03-17T15:33:45+00:00\",\"dateModified\":\"2025-09-04T10:34:02+00:00\",\"breadcrumb\":{\"@id\":\"https:\\\/\\\/www.cftc-penelope.fr\\\/#breadcrumb\"},\"inLanguage\":\"fr-FR\",\"potentialAction\":[{\"@type\":\"ReadAction\",\"target\":[\"https:\\\/\\\/www.cftc-penelope.fr\\\/\"]}]},{\"@type\":\"BreadcrumbList\",\"@id\":\"https:\\\/\\\/www.cftc-penelope.fr\\\/#breadcrumb\",\"itemListElement\":[{\"@type\":\"ListItem\",\"position\":1,\"name\":\"Accueil\",\"item\":\"https:\\\/\\\/www.cftc-penelope.fr\\\/\"},{\"@type\":\"ListItem\",\"position\":2,\"name\":\"Accueil\"}]},{\"@type\":\"WebSite\",\"@id\":\"https:\\\/\\\/www.cftc-penelope.fr\\\/#website\",\"url\":\"https:\\\/\\\/www.cftc-penelope.fr\\\/\",\"name\":\"CFTC P\u00e9n\u00e9lope\",\"description\":\"\",\"publisher\":{\"@id\":\"https:\\\/\\\/www.cftc-penelope.fr\\\/#organization\"},\"potentialAction\":[{\"@type\":\"SearchAction\",\"target\":{\"@type\":\"EntryPoint\",\"urlTemplate\":\"https:\\\/\\\/www.cftc-penelope.fr\\\/?s={search_term_string}\"},\"query-input\":{\"@type\":\"PropertyValueSpecification\",\"valueRequired\":true,\"valueName\":\"search_term_string\"}}],\"inLanguage\":\"fr-FR\"},{\"@type\":\"Organization\",\"@id\":\"https:\\\/\\\/www.cftc-penelope.fr\\\/#organization\",\"name\":\"CFTC P\u00e9n\u00e9lope\",\"url\":\"https:\\\/\\\/www.cftc-penelope.fr\\\/\",\"logo\":{\"@type\":\"ImageObject\",\"inLanguage\":\"fr-FR\",\"@id\":\"https:\\\/\\\/www.cftc-penelope.fr\\\/#\\\/schema\\\/logo\\\/image\\\/\",\"url\":\"https:\\\/\\\/www.cftc-penelope.fr\\\/wp-content\\\/uploads\\\/2025\\\/09\\\/bandeau-header-cftc-penelope-2025.jpg\",\"contentUrl\":\"https:\\\/\\\/www.cftc-penelope.fr\\\/wp-content\\\/uploads\\\/2025\\\/09\\\/bandeau-header-cftc-penelope-2025.jpg\",\"width\":1500,\"height\":307,\"caption\":\"CFTC P\u00e9n\u00e9lope\"},\"image\":{\"@id\":\"https:\\\/\\\/www.cftc-penelope.fr\\\/#\\\/schema\\\/logo\\\/image\\\/\"}}]}<\/script>\n<!-- \/ Yoast SEO plugin. -->","yoast_head_json":{"title":"Accueil - CFTC P\u00e9n\u00e9lope","robots":{"index":"index","follow":"follow","max-snippet":"max-snippet:-1","max-image-preview":"max-image-preview:large","max-video-preview":"max-video-preview:-1"},"canonical":"https:\/\/www.cftc-penelope.fr\/","og_locale":"fr_FR","og_type":"article","og_title":"Accueil - CFTC P\u00e9n\u00e9lope","og_description":"L\u2019\u00e9quipe CFTC P\u00e9n\u00e9lope L\u2019Agence est constitu\u00e9e de salari\u00e9.e.s de tous les m\u00e9tiers de notre secteur, dans toutes les r\u00e9gions, qui continuent d\u2019occuper leurs postes respectifs et sont donc en mesure de comprendre vos probl\u00e9matiques !\u00a0Forts de notre exp\u00e9rience, nous privil\u00e9gions le travail en \u00e9quipe et la communication entre salari\u00e9.e.s pour casser\u00a0l\u2019isolement, si courant au sein de notre entreprise.\u00a0La non reconnaissance ... Lire plus","og_url":"https:\/\/www.cftc-penelope.fr\/","og_site_name":"CFTC P\u00e9n\u00e9lope","article_modified_time":"2025-09-04T10:34:02+00:00","twitter_card":"summary_large_image","twitter_misc":{"Dur\u00e9e de lecture estim\u00e9e":"2 minutes"},"schema":{"@context":"https:\/\/schema.org","@graph":[{"@type":"WebPage","@id":"https:\/\/www.cftc-penelope.fr\/","url":"https:\/\/www.cftc-penelope.fr\/","name":"Accueil - CFTC P\u00e9n\u00e9lope","isPartOf":{"@id":"https:\/\/www.cftc-penelope.fr\/#website"},"datePublished":"2022-03-17T15:33:45+00:00","dateModified":"2025-09-04T10:34:02+00:00","breadcrumb":{"@id":"https:\/\/www.cftc-penelope.fr\/#breadcrumb"},"inLanguage":"fr-FR","potentialAction":[{"@type":"ReadAction","target":["https:\/\/www.cftc-penelope.fr\/"]}]},{"@type":"BreadcrumbList","@id":"https:\/\/www.cftc-penelope.fr\/#breadcrumb","itemListElement":[{"@type":"ListItem","position":1,"name":"Accueil","item":"https:\/\/www.cftc-penelope.fr\/"},{"@type":"ListItem","position":2,"name":"Accueil"}]},{"@type":"WebSite","@id":"https:\/\/www.cftc-penelope.fr\/#website","url":"https:\/\/www.cftc-penelope.fr\/","name":"CFTC P\u00e9n\u00e9lope","description":"","publisher":{"@id":"https:\/\/www.cftc-penelope.fr\/#organization"},"potentialAction":[{"@type":"SearchAction","target":{"@type":"EntryPoint","urlTemplate":"https:\/\/www.cftc-penelope.fr\/?s={search_term_string}"},"query-input":{"@type":"PropertyValueSpecification","valueRequired":true,"valueName":"search_term_string"}}],"inLanguage":"fr-FR"},{"@type":"Organization","@id":"https:\/\/www.cftc-penelope.fr\/#organization","name":"CFTC P\u00e9n\u00e9lope","url":"https:\/\/www.cftc-penelope.fr\/","logo":{"@type":"ImageObject","inLanguage":"fr-FR","@id":"https:\/\/www.cftc-penelope.fr\/#\/schema\/logo\/image\/","url":"https:\/\/www.cftc-penelope.fr\/wp-content\/uploads\/2025\/09\/bandeau-header-cftc-penelope-2025.jpg","contentUrl":"https:\/\/www.cftc-penelope.fr\/wp-content\/uploads\/2025\/09\/bandeau-header-cftc-penelope-2025.jpg","width":1500,"height":307,"caption":"CFTC P\u00e9n\u00e9lope"},"image":{"@id":"https:\/\/www.cftc-penelope.fr\/#\/schema\/logo\/image\/"}}]}},"jetpack_sharing_enabled":true,"jetpack_shortlink":"https:\/\/wp.me\/P9G9l6-de","_links":{"self":[{"href":"https:\/\/www.cftc-penelope.fr\/index.php\/wp-json\/wp\/v2\/pages\/820","targetHints":{"allow":["GET"]}}],"collection":[{"href":"https:\/\/www.cftc-penelope.fr\/index.php\/wp-json\/wp\/v2\/pages"}],"about":[{"href":"https:\/\/www.cftc-penelope.fr\/index.php\/wp-json\/wp\/v2\/types\/page"}],"author":[{"embeddable":true,"href":"https:\/\/www.cftc-penelope.fr\/index.php\/wp-json\/wp\/v2\/users\/1"}],"replies":[{"embeddable":true,"href":"https:\/\/www.cftc-penelope.fr\/index.php\/wp-json\/wp\/v2\/comments?post=820"}],"version-history":[{"count":228,"href":"https:\/\/www.cftc-penelope.fr\/index.php\/wp-json\/wp\/v2\/pages\/820\/revisions"}],"predecessor-version":[{"id":1842,"href":"https:\/\/www.cftc-penelope.fr\/index.php\/wp-json\/wp\/v2\/pages\/820\/revisions\/1842"}],"wp:attachment":[{"href":"https:\/\/www.cftc-penelope.fr\/index.php\/wp-json\/wp\/v2\/media?parent=820"}],"curies":[{"name":"wp","href":"https:\/\/api.w.org\/{rel}","templated":true}]}}