{"id":356,"date":"2018-12-03T14:23:35","date_gmt":"2018-12-03T13:23:35","guid":{"rendered":"https:\/\/www.cftc-penelope.fr\/?page_id=356"},"modified":"2018-12-03T14:23:35","modified_gmt":"2018-12-03T13:23:35","slug":"plan-du-site","status":"publish","type":"page","link":"https:\/\/www.cftc-penelope.fr\/index.php\/plan-du-site\/","title":{"rendered":"Plan du site"},"content":{"rendered":"<div class=\"wsp-container\"><h2 class=\"wsp-pages-title\">Pages<\/h2>\n<ul class=\"wsp-pages-list\">\n<li class=\"page_item page-item-969\"><a href=\"https:\/\/www.cftc-penelope.fr\/index.php\/accords-d-entreprise\/\">Accords d&rsquo;entreprise<\/a><\/li>\n<li class=\"page_item page-item-820\"><a href=\"https:\/\/www.cftc-penelope.fr\/\">Accueil<\/a><\/li>\n<li class=\"page_item page-item-27\"><a href=\"https:\/\/www.cftc-penelope.fr\/index.php\/fiches-pratiques\/\">Fiches pratiques<\/a><\/li>\n<li class=\"page_item page-item-29\"><a href=\"https:\/\/www.cftc-penelope.fr\/index.php\/la-cftc-sur-le-web\/\">La CFTC sur le web<\/a><\/li>\n<li class=\"page_item page-item-107\"><a href=\"https:\/\/www.cftc-penelope.fr\/index.php\/la-convention-collective\/\">La convention collective<\/a><\/li>\n<li class=\"page_item page-item-964\"><a href=\"https:\/\/www.cftc-penelope.fr\/index.php\/la-convention-collective-2\/\">Le code du travail<\/a><\/li>\n<li class=\"page_item page-item-358\"><a href=\"https:\/\/www.cftc-penelope.fr\/index.php\/mentions-legales\/\">Mentions l\u00e9gales<\/a><\/li>\n<li class=\"page_item page-item-735\"><a href=\"https:\/\/www.cftc-penelope.fr\/index.php\/newsletter\/\">NewsLetter<\/a><\/li>\n<li class=\"page_item page-item-2\"><a href=\"https:\/\/www.cftc-penelope.fr\/index.php\/contact\/\">Nous contacter<\/a><\/li>\n<li class=\"page_item page-item-23\"><a href=\"https:\/\/www.cftc-penelope.fr\/index.php\/nous-rejoindre\/\">Nous rejoindre<\/a><\/li>\n<li class=\"page_item page-item-356\"><a href=\"https:\/\/www.cftc-penelope.fr\/index.php\/plan-du-site\/\">Plan du site<\/a><\/li>\n<li class=\"page_item page-item-912\"><a href=\"https:\/\/www.cftc-penelope.fr\/index.php\/politique-de-confidentialite\/\">Politique de confidentialit\u00e9<\/a><\/li>\n<li class=\"page_item page-item-897\"><a href=\"https:\/\/www.cftc-penelope.fr\/index.php\/reglement-interieur\/\">R\u00e8glement int\u00e9rieur<\/a><\/li>\n<li class=\"page_item page-item-1684\"><a href=\"https:\/\/www.cftc-penelope.fr\/index.php\/vos-representants-cftc\/\">Vos repr\u00e9sentants CFTC<\/a><\/li>\n<\/ul>\n<h2 class=\"wsp-elementor_librarys-title\">Mes mod\u00e8les<\/h2>\n<ul class=\"wsp-elementor_librarys-list\">\n<li><a href=\"https:\/\/www.cftc-penelope.fr\/?elementor_library=liste-de-liens\">Liste de liens<\/a><\/li>\n<li><a href=\"https:\/\/www.cftc-penelope.fr\/?elementor_library=kit-par-defaut\">Kit par d\u00e9faut<\/a><\/li>\n<\/ul>\n<h2 class=\"wsp-newss-title\">News<\/h2>\n<ul class=\"wsp-newss-list\">\n<li><a href=\"https:\/\/www.cftc-penelope.fr\/index.php\/news\/newsletter-mai-2025\/\">Newsletter mai 2025<\/a><\/li>\n<li><a href=\"https:\/\/www.cftc-penelope.fr\/index.php\/news\/newsletter-avril-2023\/\">Newsletter avril 2023<\/a><\/li>\n<li><a href=\"https:\/\/www.cftc-penelope.fr\/index.php\/news\/newsletter-fevrier-mars-2022\/\">Newsletter f\u00e9vrier-mars 2022<\/a><\/li>\n<li><a href=\"https:\/\/www.cftc-penelope.fr\/index.php\/news\/newsletter-decembre-2021\/\">Newsletter d\u00e9cembre 2021<\/a><\/li>\n<\/ul>\n<h2 class=\"wsp-team_showcase_posts-title\">Team Showcase<\/h2>\n<ul class=\"wsp-team_showcase_posts-list\">\n<li><a href=\"https:\/\/www.cftc-penelope.fr\/index.php\/team-showcase\/linda-saher\/\">Linda SAHER<\/a><\/li>\n<li><a href=\"https:\/\/www.cftc-penelope.fr\/index.php\/team-showcase\/manel-ben-salah\/\">Manel BEN SALAH<\/a><\/li>\n<li><a href=\"https:\/\/www.cftc-penelope.fr\/index.php\/team-showcase\/karim-haciane\/\">Karim HACIANE<\/a><\/li>\n<li><a href=\"https:\/\/www.cftc-penelope.fr\/index.php\/team-showcase\/marie-helene-durieux\/\">Marie-H\u00e9l\u00e8ne DURIEUX<\/a><\/li>\n<li><a href=\"https:\/\/www.cftc-penelope.fr\/index.php\/team-showcase\/maria-franco\/\">Maria FRANCO<\/a><\/li>\n<li><a href=\"https:\/\/www.cftc-penelope.fr\/index.php\/team-showcase\/mouna-goubet\/\">Mouna GOUBET<\/a><\/li>\n<li><a href=\"https:\/\/www.cftc-penelope.fr\/index.php\/team-showcase\/draguitsa-kmezevic\/\">Draguitsa KMEZEVIC<\/a><\/li>\n<li><a href=\"https:\/\/www.cftc-penelope.fr\/index.php\/team-showcase\/loryatte-biyakoudi\/\">Loryatte BIYAKOUDI<\/a><\/li>\n<li><a href=\"https:\/\/www.cftc-penelope.fr\/index.php\/team-showcase\/souad-abboud\/\">Souad ABBOUD<\/a><\/li>\n<li><a href=\"https:\/\/www.cftc-penelope.fr\/index.php\/team-showcase\/marie-therese-delcroix\/\">Marie-Th\u00e9r\u00e8se DELCROIX<\/a><\/li>\n<li><a href=\"https:\/\/www.cftc-penelope.fr\/index.php\/team-showcase\/ahlem-hasnaoui\/\">Ahlem HASNAOUI<\/a><\/li>\n<li><a href=\"https:\/\/www.cftc-penelope.fr\/index.php\/team-showcase\/hakima-lezehar\/\">Hakima LEZEHAR<\/a><\/li>\n<li><a href=\"https:\/\/www.cftc-penelope.fr\/index.php\/team-showcase\/nathalie-boutahar-theot\/\">Nathalie BRIER<\/a><\/li>\n<li><a href=\"https:\/\/www.cftc-penelope.fr\/index.php\/team-showcase\/mina-ajerray\/\">Mina AJERRAY<\/a><\/li>\n<li><a href=\"https:\/\/www.cftc-penelope.fr\/index.php\/team-showcase\/bruce-gadea\/\">Bruce GADEA<\/a><\/li>\n<li><a href=\"https:\/\/www.cftc-penelope.fr\/index.php\/team-showcase\/octavia-dumoulin\/\">Octavia DUMOULIN<\/a><\/li>\n<\/ul>\n<h2 class=\"wsp-news-categorys-title\">Category<\/h2>\n<ul class=\"wsp-news-categorys-list\">\n<li><a href=\"https:\/\/www.cftc-penelope.fr\/index.php\/news-category\/actualites\/\">Actualit\u00e9s<\/a><\/li>\n<li><a href=\"https:\/\/www.cftc-penelope.fr\/index.php\/news-category\/newsletter\/\">NewsLetter<\/a><\/li>\n<\/ul>\n<h2 class=\"wsp-tsas-categorys-title\">Category<\/h2>\n<ul class=\"wsp-tsas-categorys-list\">\n<li><a href=\"https:\/\/www.cftc-penelope.fr\/index.php\/tsas-category\/cse\/\">CSE<\/a><\/li>\n<li><a href=\"https:\/\/www.cftc-penelope.fr\/index.php\/tsas-category\/cssct\/\">CSSCT<\/a><\/li>\n<li><a href=\"https:\/\/www.cftc-penelope.fr\/index.php\/tsas-category\/delegue-du-personnel\/\">D\u00e9l\u00e9gu\u00e9 du personnel<\/a><\/li>\n<li><a href=\"https:\/\/www.cftc-penelope.fr\/index.php\/tsas-category\/delegue-syndical\/\">D\u00e9l\u00e9gu\u00e9 Syndical<\/a><\/li>\n<\/ul>\n<\/div>\n","protected":false},"excerpt":{"rendered":"","protected":false},"author":1,"featured_media":0,"parent":0,"menu_order":0,"comment_status":"closed","ping_status":"closed","template":"","meta":{"generate_page_header":"","jetpack_post_was_ever_published":false,"footnotes":""},"class_list":["post-356","page","type-page","status-publish"],"yoast_head":"<!-- This site is optimized with the Yoast SEO plugin v27.4 - https:\/\/yoast.com\/product\/yoast-seo-wordpress\/ -->\n<title>Plan du site - CFTC P\u00e9n\u00e9lope<\/title>\n<meta name=\"robots\" content=\"index, follow, max-snippet:-1, max-image-preview:large, max-video-preview:-1\" \/>\n<link rel=\"canonical\" href=\"https:\/\/www.cftc-penelope.fr\/index.php\/plan-du-site\/\" \/>\n<meta property=\"og:locale\" content=\"fr_FR\" \/>\n<meta property=\"og:type\" content=\"article\" \/>\n<meta property=\"og:title\" content=\"Plan du site - CFTC P\u00e9n\u00e9lope\" \/>\n<meta property=\"og:url\" content=\"https:\/\/www.cftc-penelope.fr\/index.php\/plan-du-site\/\" \/>\n<meta property=\"og:site_name\" content=\"CFTC P\u00e9n\u00e9lope\" \/>\n<meta name=\"twitter:card\" content=\"summary_large_image\" \/>\n<script type=\"application\/ld+json\" class=\"yoast-schema-graph\">{\"@context\":\"https:\\\/\\\/schema.org\",\"@graph\":[{\"@type\":\"WebPage\",\"@id\":\"https:\\\/\\\/www.cftc-penelope.fr\\\/index.php\\\/plan-du-site\\\/\",\"url\":\"https:\\\/\\\/www.cftc-penelope.fr\\\/index.php\\\/plan-du-site\\\/\",\"name\":\"Plan du site - CFTC P\u00e9n\u00e9lope\",\"isPartOf\":{\"@id\":\"https:\\\/\\\/www.cftc-penelope.fr\\\/#website\"},\"datePublished\":\"2018-12-03T13:23:35+00:00\",\"breadcrumb\":{\"@id\":\"https:\\\/\\\/www.cftc-penelope.fr\\\/index.php\\\/plan-du-site\\\/#breadcrumb\"},\"inLanguage\":\"fr-FR\",\"potentialAction\":[{\"@type\":\"ReadAction\",\"target\":[\"https:\\\/\\\/www.cftc-penelope.fr\\\/index.php\\\/plan-du-site\\\/\"]}]},{\"@type\":\"BreadcrumbList\",\"@id\":\"https:\\\/\\\/www.cftc-penelope.fr\\\/index.php\\\/plan-du-site\\\/#breadcrumb\",\"itemListElement\":[{\"@type\":\"ListItem\",\"position\":1,\"name\":\"Accueil\",\"item\":\"https:\\\/\\\/www.cftc-penelope.fr\\\/\"},{\"@type\":\"ListItem\",\"position\":2,\"name\":\"Plan du site\"}]},{\"@type\":\"WebSite\",\"@id\":\"https:\\\/\\\/www.cftc-penelope.fr\\\/#website\",\"url\":\"https:\\\/\\\/www.cftc-penelope.fr\\\/\",\"name\":\"CFTC P\u00e9n\u00e9lope\",\"description\":\"\",\"publisher\":{\"@id\":\"https:\\\/\\\/www.cftc-penelope.fr\\\/#organization\"},\"potentialAction\":[{\"@type\":\"SearchAction\",\"target\":{\"@type\":\"EntryPoint\",\"urlTemplate\":\"https:\\\/\\\/www.cftc-penelope.fr\\\/?s={search_term_string}\"},\"query-input\":{\"@type\":\"PropertyValueSpecification\",\"valueRequired\":true,\"valueName\":\"search_term_string\"}}],\"inLanguage\":\"fr-FR\"},{\"@type\":\"Organization\",\"@id\":\"https:\\\/\\\/www.cftc-penelope.fr\\\/#organization\",\"name\":\"CFTC P\u00e9n\u00e9lope\",\"url\":\"https:\\\/\\\/www.cftc-penelope.fr\\\/\",\"logo\":{\"@type\":\"ImageObject\",\"inLanguage\":\"fr-FR\",\"@id\":\"https:\\\/\\\/www.cftc-penelope.fr\\\/#\\\/schema\\\/logo\\\/image\\\/\",\"url\":\"https:\\\/\\\/www.cftc-penelope.fr\\\/wp-content\\\/uploads\\\/2025\\\/09\\\/bandeau-header-cftc-penelope-2025.jpg\",\"contentUrl\":\"https:\\\/\\\/www.cftc-penelope.fr\\\/wp-content\\\/uploads\\\/2025\\\/09\\\/bandeau-header-cftc-penelope-2025.jpg\",\"width\":1500,\"height\":307,\"caption\":\"CFTC P\u00e9n\u00e9lope\"},\"image\":{\"@id\":\"https:\\\/\\\/www.cftc-penelope.fr\\\/#\\\/schema\\\/logo\\\/image\\\/\"}}]}<\/script>\n<!-- \/ Yoast SEO plugin. -->","yoast_head_json":{"title":"Plan du site - CFTC P\u00e9n\u00e9lope","robots":{"index":"index","follow":"follow","max-snippet":"max-snippet:-1","max-image-preview":"max-image-preview:large","max-video-preview":"max-video-preview:-1"},"canonical":"https:\/\/www.cftc-penelope.fr\/index.php\/plan-du-site\/","og_locale":"fr_FR","og_type":"article","og_title":"Plan du site - CFTC P\u00e9n\u00e9lope","og_url":"https:\/\/www.cftc-penelope.fr\/index.php\/plan-du-site\/","og_site_name":"CFTC P\u00e9n\u00e9lope","twitter_card":"summary_large_image","schema":{"@context":"https:\/\/schema.org","@graph":[{"@type":"WebPage","@id":"https:\/\/www.cftc-penelope.fr\/index.php\/plan-du-site\/","url":"https:\/\/www.cftc-penelope.fr\/index.php\/plan-du-site\/","name":"Plan du site - CFTC P\u00e9n\u00e9lope","isPartOf":{"@id":"https:\/\/www.cftc-penelope.fr\/#website"},"datePublished":"2018-12-03T13:23:35+00:00","breadcrumb":{"@id":"https:\/\/www.cftc-penelope.fr\/index.php\/plan-du-site\/#breadcrumb"},"inLanguage":"fr-FR","potentialAction":[{"@type":"ReadAction","target":["https:\/\/www.cftc-penelope.fr\/index.php\/plan-du-site\/"]}]},{"@type":"BreadcrumbList","@id":"https:\/\/www.cftc-penelope.fr\/index.php\/plan-du-site\/#breadcrumb","itemListElement":[{"@type":"ListItem","position":1,"name":"Accueil","item":"https:\/\/www.cftc-penelope.fr\/"},{"@type":"ListItem","position":2,"name":"Plan du site"}]},{"@type":"WebSite","@id":"https:\/\/www.cftc-penelope.fr\/#website","url":"https:\/\/www.cftc-penelope.fr\/","name":"CFTC P\u00e9n\u00e9lope","description":"","publisher":{"@id":"https:\/\/www.cftc-penelope.fr\/#organization"},"potentialAction":[{"@type":"SearchAction","target":{"@type":"EntryPoint","urlTemplate":"https:\/\/www.cftc-penelope.fr\/?s={search_term_string}"},"query-input":{"@type":"PropertyValueSpecification","valueRequired":true,"valueName":"search_term_string"}}],"inLanguage":"fr-FR"},{"@type":"Organization","@id":"https:\/\/www.cftc-penelope.fr\/#organization","name":"CFTC P\u00e9n\u00e9lope","url":"https:\/\/www.cftc-penelope.fr\/","logo":{"@type":"ImageObject","inLanguage":"fr-FR","@id":"https:\/\/www.cftc-penelope.fr\/#\/schema\/logo\/image\/","url":"https:\/\/www.cftc-penelope.fr\/wp-content\/uploads\/2025\/09\/bandeau-header-cftc-penelope-2025.jpg","contentUrl":"https:\/\/www.cftc-penelope.fr\/wp-content\/uploads\/2025\/09\/bandeau-header-cftc-penelope-2025.jpg","width":1500,"height":307,"caption":"CFTC P\u00e9n\u00e9lope"},"image":{"@id":"https:\/\/www.cftc-penelope.fr\/#\/schema\/logo\/image\/"}}]}},"jetpack_sharing_enabled":true,"jetpack_shortlink":"https:\/\/wp.me\/P9G9l6-5K","_links":{"self":[{"href":"https:\/\/www.cftc-penelope.fr\/index.php\/wp-json\/wp\/v2\/pages\/356","targetHints":{"allow":["GET"]}}],"collection":[{"href":"https:\/\/www.cftc-penelope.fr\/index.php\/wp-json\/wp\/v2\/pages"}],"about":[{"href":"https:\/\/www.cftc-penelope.fr\/index.php\/wp-json\/wp\/v2\/types\/page"}],"author":[{"embeddable":true,"href":"https:\/\/www.cftc-penelope.fr\/index.php\/wp-json\/wp\/v2\/users\/1"}],"replies":[{"embeddable":true,"href":"https:\/\/www.cftc-penelope.fr\/index.php\/wp-json\/wp\/v2\/comments?post=356"}],"version-history":[{"count":1,"href":"https:\/\/www.cftc-penelope.fr\/index.php\/wp-json\/wp\/v2\/pages\/356\/revisions"}],"predecessor-version":[{"id":357,"href":"https:\/\/www.cftc-penelope.fr\/index.php\/wp-json\/wp\/v2\/pages\/356\/revisions\/357"}],"wp:attachment":[{"href":"https:\/\/www.cftc-penelope.fr\/index.php\/wp-json\/wp\/v2\/media?parent=356"}],"curies":[{"name":"wp","href":"https:\/\/api.w.org\/{rel}","templated":true}]}}