{"id":23,"date":"2017-04-19T12:32:27","date_gmt":"2017-04-19T10:32:27","guid":{"rendered":"https:\/\/cftc-penelope.fr\/?page_id=23"},"modified":"2024-10-18T14:03:23","modified_gmt":"2024-10-18T12:03:23","slug":"nous-rejoindre","status":"publish","type":"page","link":"https:\/\/www.cftc-penelope.fr\/index.php\/nous-rejoindre\/","title":{"rendered":"Nous rejoindre"},"content":{"rendered":"<p style=\"text-align: center;\"><a href=\"https:\/\/drive.google.com\/file\/d\/1bpgSarfYW2dzZTGuLJGC8kCA6OZdRUn8\/view?usp=drive_link\" target=\"_blank\" rel=\"noopener\">Cliquez ici pour t\u00e9l\u00e9charger notre bulletin d&rsquo;adh\u00e9sion CFTC <\/a>en .pdf<\/p>\n<p style=\"text-align: center;\"><a href=\"https:\/\/docs.google.com\/document\/d\/1tdfFYfqFVS1PVGJ9bF1h363mbhkVZ3wl\/edit?usp=drive_link&amp;ouid=116342967082458203943&amp;rtpof=true&amp;sd=true\">Cliquez ici pour t\u00e9l\u00e9charger notre bulletin d&rsquo;adh\u00e9sion CFTC<\/a> en .docx<\/p>\n<p style=\"text-align: center;\"><img fetchpriority=\"high\" decoding=\"async\" class=\"alignnone size-full wp-image-1656\" src=\"https:\/\/www.cftc-penelope.fr\/wp-content\/uploads\/2024\/10\/image-BADH-octobre-2024.png\" alt=\"\" width=\"1864\" height=\"4960\" srcset=\"https:\/\/www.cftc-penelope.fr\/wp-content\/uploads\/2024\/10\/image-BADH-octobre-2024.png 1864w, https:\/\/www.cftc-penelope.fr\/wp-content\/uploads\/2024\/10\/image-BADH-octobre-2024-113x300.png 113w, https:\/\/www.cftc-penelope.fr\/wp-content\/uploads\/2024\/10\/image-BADH-octobre-2024-385x1024.png 385w, https:\/\/www.cftc-penelope.fr\/wp-content\/uploads\/2024\/10\/image-BADH-octobre-2024-768x2044.png 768w, https:\/\/www.cftc-penelope.fr\/wp-content\/uploads\/2024\/10\/image-BADH-octobre-2024-577x1536.png 577w, https:\/\/www.cftc-penelope.fr\/wp-content\/uploads\/2024\/10\/image-BADH-octobre-2024-770x2048.png 770w\" sizes=\"(max-width: 1864px) 100vw, 1864px\" \/><\/p>\n<p>&nbsp;<\/p>\n<p style=\"text-align: center;\">\n","protected":false},"excerpt":{"rendered":"<p>Cliquez ici pour t\u00e9l\u00e9charger notre bulletin d&rsquo;adh\u00e9sion CFTC en .pdf Cliquez ici pour t\u00e9l\u00e9charger notre bulletin d&rsquo;adh\u00e9sion CFTC en .docx &nbsp;<\/p>\n","protected":false},"author":1,"featured_media":0,"parent":0,"menu_order":0,"comment_status":"closed","ping_status":"closed","template":"","meta":{"generate_page_header":"","jetpack_post_was_ever_published":false,"footnotes":""},"class_list":["post-23","page","type-page","status-publish"],"yoast_head":"<!-- This site is optimized with the Yoast SEO plugin v27.4 - https:\/\/yoast.com\/product\/yoast-seo-wordpress\/ -->\n<title>Nous rejoindre - CFTC P\u00e9n\u00e9lope<\/title>\n<meta name=\"robots\" content=\"index, follow, max-snippet:-1, max-image-preview:large, max-video-preview:-1\" \/>\n<link rel=\"canonical\" href=\"https:\/\/www.cftc-penelope.fr\/index.php\/nous-rejoindre\/\" \/>\n<meta property=\"og:locale\" content=\"fr_FR\" \/>\n<meta property=\"og:type\" content=\"article\" \/>\n<meta property=\"og:title\" content=\"Nous rejoindre - CFTC P\u00e9n\u00e9lope\" \/>\n<meta property=\"og:description\" content=\"Cliquez ici pour t\u00e9l\u00e9charger notre bulletin d&rsquo;adh\u00e9sion CFTC en .pdf Cliquez ici pour t\u00e9l\u00e9charger notre bulletin d&rsquo;adh\u00e9sion CFTC en .docx &nbsp;\" \/>\n<meta property=\"og:url\" content=\"https:\/\/www.cftc-penelope.fr\/index.php\/nous-rejoindre\/\" \/>\n<meta property=\"og:site_name\" content=\"CFTC P\u00e9n\u00e9lope\" \/>\n<meta property=\"article:modified_time\" content=\"2024-10-18T12:03:23+00:00\" \/>\n<meta property=\"og:image\" content=\"https:\/\/www.cftc-penelope.fr\/wp-content\/uploads\/2024\/10\/image-BADH-octobre-2024-385x1024.png\" \/>\n\t<meta property=\"og:image:width\" content=\"385\" \/>\n\t<meta property=\"og:image:height\" content=\"1024\" \/>\n\t<meta property=\"og:image:type\" content=\"image\/png\" \/>\n<meta name=\"twitter:card\" content=\"summary_large_image\" \/>\n<meta name=\"twitter:label1\" content=\"Dur\u00e9e de lecture estim\u00e9e\" \/>\n\t<meta name=\"twitter:data1\" content=\"1 minute\" \/>\n<script type=\"application\/ld+json\" class=\"yoast-schema-graph\">{\"@context\":\"https:\\\/\\\/schema.org\",\"@graph\":[{\"@type\":\"WebPage\",\"@id\":\"https:\\\/\\\/www.cftc-penelope.fr\\\/index.php\\\/nous-rejoindre\\\/\",\"url\":\"https:\\\/\\\/www.cftc-penelope.fr\\\/index.php\\\/nous-rejoindre\\\/\",\"name\":\"Nous rejoindre - CFTC P\u00e9n\u00e9lope\",\"isPartOf\":{\"@id\":\"https:\\\/\\\/www.cftc-penelope.fr\\\/#website\"},\"primaryImageOfPage\":{\"@id\":\"https:\\\/\\\/www.cftc-penelope.fr\\\/index.php\\\/nous-rejoindre\\\/#primaryimage\"},\"image\":{\"@id\":\"https:\\\/\\\/www.cftc-penelope.fr\\\/index.php\\\/nous-rejoindre\\\/#primaryimage\"},\"thumbnailUrl\":\"https:\\\/\\\/www.cftc-penelope.fr\\\/wp-content\\\/uploads\\\/2024\\\/10\\\/image-BADH-octobre-2024.png\",\"datePublished\":\"2017-04-19T10:32:27+00:00\",\"dateModified\":\"2024-10-18T12:03:23+00:00\",\"breadcrumb\":{\"@id\":\"https:\\\/\\\/www.cftc-penelope.fr\\\/index.php\\\/nous-rejoindre\\\/#breadcrumb\"},\"inLanguage\":\"fr-FR\",\"potentialAction\":[{\"@type\":\"ReadAction\",\"target\":[\"https:\\\/\\\/www.cftc-penelope.fr\\\/index.php\\\/nous-rejoindre\\\/\"]}]},{\"@type\":\"ImageObject\",\"inLanguage\":\"fr-FR\",\"@id\":\"https:\\\/\\\/www.cftc-penelope.fr\\\/index.php\\\/nous-rejoindre\\\/#primaryimage\",\"url\":\"https:\\\/\\\/www.cftc-penelope.fr\\\/wp-content\\\/uploads\\\/2024\\\/10\\\/image-BADH-octobre-2024.png\",\"contentUrl\":\"https:\\\/\\\/www.cftc-penelope.fr\\\/wp-content\\\/uploads\\\/2024\\\/10\\\/image-BADH-octobre-2024.png\",\"width\":1864,\"height\":4960},{\"@type\":\"BreadcrumbList\",\"@id\":\"https:\\\/\\\/www.cftc-penelope.fr\\\/index.php\\\/nous-rejoindre\\\/#breadcrumb\",\"itemListElement\":[{\"@type\":\"ListItem\",\"position\":1,\"name\":\"Accueil\",\"item\":\"https:\\\/\\\/www.cftc-penelope.fr\\\/\"},{\"@type\":\"ListItem\",\"position\":2,\"name\":\"Nous rejoindre\"}]},{\"@type\":\"WebSite\",\"@id\":\"https:\\\/\\\/www.cftc-penelope.fr\\\/#website\",\"url\":\"https:\\\/\\\/www.cftc-penelope.fr\\\/\",\"name\":\"CFTC P\u00e9n\u00e9lope\",\"description\":\"\",\"publisher\":{\"@id\":\"https:\\\/\\\/www.cftc-penelope.fr\\\/#organization\"},\"potentialAction\":[{\"@type\":\"SearchAction\",\"target\":{\"@type\":\"EntryPoint\",\"urlTemplate\":\"https:\\\/\\\/www.cftc-penelope.fr\\\/?s={search_term_string}\"},\"query-input\":{\"@type\":\"PropertyValueSpecification\",\"valueRequired\":true,\"valueName\":\"search_term_string\"}}],\"inLanguage\":\"fr-FR\"},{\"@type\":\"Organization\",\"@id\":\"https:\\\/\\\/www.cftc-penelope.fr\\\/#organization\",\"name\":\"CFTC P\u00e9n\u00e9lope\",\"url\":\"https:\\\/\\\/www.cftc-penelope.fr\\\/\",\"logo\":{\"@type\":\"ImageObject\",\"inLanguage\":\"fr-FR\",\"@id\":\"https:\\\/\\\/www.cftc-penelope.fr\\\/#\\\/schema\\\/logo\\\/image\\\/\",\"url\":\"https:\\\/\\\/www.cftc-penelope.fr\\\/wp-content\\\/uploads\\\/2025\\\/09\\\/bandeau-header-cftc-penelope-2025.jpg\",\"contentUrl\":\"https:\\\/\\\/www.cftc-penelope.fr\\\/wp-content\\\/uploads\\\/2025\\\/09\\\/bandeau-header-cftc-penelope-2025.jpg\",\"width\":1500,\"height\":307,\"caption\":\"CFTC P\u00e9n\u00e9lope\"},\"image\":{\"@id\":\"https:\\\/\\\/www.cftc-penelope.fr\\\/#\\\/schema\\\/logo\\\/image\\\/\"}}]}<\/script>\n<!-- \/ Yoast SEO plugin. -->","yoast_head_json":{"title":"Nous rejoindre - CFTC P\u00e9n\u00e9lope","robots":{"index":"index","follow":"follow","max-snippet":"max-snippet:-1","max-image-preview":"max-image-preview:large","max-video-preview":"max-video-preview:-1"},"canonical":"https:\/\/www.cftc-penelope.fr\/index.php\/nous-rejoindre\/","og_locale":"fr_FR","og_type":"article","og_title":"Nous rejoindre - CFTC P\u00e9n\u00e9lope","og_description":"Cliquez ici pour t\u00e9l\u00e9charger notre bulletin d&rsquo;adh\u00e9sion CFTC en .pdf Cliquez ici pour t\u00e9l\u00e9charger notre bulletin d&rsquo;adh\u00e9sion CFTC en .docx &nbsp;","og_url":"https:\/\/www.cftc-penelope.fr\/index.php\/nous-rejoindre\/","og_site_name":"CFTC P\u00e9n\u00e9lope","article_modified_time":"2024-10-18T12:03:23+00:00","og_image":[{"width":385,"height":1024,"url":"https:\/\/www.cftc-penelope.fr\/wp-content\/uploads\/2024\/10\/image-BADH-octobre-2024-385x1024.png","type":"image\/png"}],"twitter_card":"summary_large_image","twitter_misc":{"Dur\u00e9e de lecture estim\u00e9e":"1 minute"},"schema":{"@context":"https:\/\/schema.org","@graph":[{"@type":"WebPage","@id":"https:\/\/www.cftc-penelope.fr\/index.php\/nous-rejoindre\/","url":"https:\/\/www.cftc-penelope.fr\/index.php\/nous-rejoindre\/","name":"Nous rejoindre - CFTC P\u00e9n\u00e9lope","isPartOf":{"@id":"https:\/\/www.cftc-penelope.fr\/#website"},"primaryImageOfPage":{"@id":"https:\/\/www.cftc-penelope.fr\/index.php\/nous-rejoindre\/#primaryimage"},"image":{"@id":"https:\/\/www.cftc-penelope.fr\/index.php\/nous-rejoindre\/#primaryimage"},"thumbnailUrl":"https:\/\/www.cftc-penelope.fr\/wp-content\/uploads\/2024\/10\/image-BADH-octobre-2024.png","datePublished":"2017-04-19T10:32:27+00:00","dateModified":"2024-10-18T12:03:23+00:00","breadcrumb":{"@id":"https:\/\/www.cftc-penelope.fr\/index.php\/nous-rejoindre\/#breadcrumb"},"inLanguage":"fr-FR","potentialAction":[{"@type":"ReadAction","target":["https:\/\/www.cftc-penelope.fr\/index.php\/nous-rejoindre\/"]}]},{"@type":"ImageObject","inLanguage":"fr-FR","@id":"https:\/\/www.cftc-penelope.fr\/index.php\/nous-rejoindre\/#primaryimage","url":"https:\/\/www.cftc-penelope.fr\/wp-content\/uploads\/2024\/10\/image-BADH-octobre-2024.png","contentUrl":"https:\/\/www.cftc-penelope.fr\/wp-content\/uploads\/2024\/10\/image-BADH-octobre-2024.png","width":1864,"height":4960},{"@type":"BreadcrumbList","@id":"https:\/\/www.cftc-penelope.fr\/index.php\/nous-rejoindre\/#breadcrumb","itemListElement":[{"@type":"ListItem","position":1,"name":"Accueil","item":"https:\/\/www.cftc-penelope.fr\/"},{"@type":"ListItem","position":2,"name":"Nous rejoindre"}]},{"@type":"WebSite","@id":"https:\/\/www.cftc-penelope.fr\/#website","url":"https:\/\/www.cftc-penelope.fr\/","name":"CFTC P\u00e9n\u00e9lope","description":"","publisher":{"@id":"https:\/\/www.cftc-penelope.fr\/#organization"},"potentialAction":[{"@type":"SearchAction","target":{"@type":"EntryPoint","urlTemplate":"https:\/\/www.cftc-penelope.fr\/?s={search_term_string}"},"query-input":{"@type":"PropertyValueSpecification","valueRequired":true,"valueName":"search_term_string"}}],"inLanguage":"fr-FR"},{"@type":"Organization","@id":"https:\/\/www.cftc-penelope.fr\/#organization","name":"CFTC P\u00e9n\u00e9lope","url":"https:\/\/www.cftc-penelope.fr\/","logo":{"@type":"ImageObject","inLanguage":"fr-FR","@id":"https:\/\/www.cftc-penelope.fr\/#\/schema\/logo\/image\/","url":"https:\/\/www.cftc-penelope.fr\/wp-content\/uploads\/2025\/09\/bandeau-header-cftc-penelope-2025.jpg","contentUrl":"https:\/\/www.cftc-penelope.fr\/wp-content\/uploads\/2025\/09\/bandeau-header-cftc-penelope-2025.jpg","width":1500,"height":307,"caption":"CFTC P\u00e9n\u00e9lope"},"image":{"@id":"https:\/\/www.cftc-penelope.fr\/#\/schema\/logo\/image\/"}}]}},"jetpack_sharing_enabled":true,"jetpack_shortlink":"https:\/\/wp.me\/P9G9l6-n","_links":{"self":[{"href":"https:\/\/www.cftc-penelope.fr\/index.php\/wp-json\/wp\/v2\/pages\/23","targetHints":{"allow":["GET"]}}],"collection":[{"href":"https:\/\/www.cftc-penelope.fr\/index.php\/wp-json\/wp\/v2\/pages"}],"about":[{"href":"https:\/\/www.cftc-penelope.fr\/index.php\/wp-json\/wp\/v2\/types\/page"}],"author":[{"embeddable":true,"href":"https:\/\/www.cftc-penelope.fr\/index.php\/wp-json\/wp\/v2\/users\/1"}],"replies":[{"embeddable":true,"href":"https:\/\/www.cftc-penelope.fr\/index.php\/wp-json\/wp\/v2\/comments?post=23"}],"version-history":[{"count":35,"href":"https:\/\/www.cftc-penelope.fr\/index.php\/wp-json\/wp\/v2\/pages\/23\/revisions"}],"predecessor-version":[{"id":1641,"href":"https:\/\/www.cftc-penelope.fr\/index.php\/wp-json\/wp\/v2\/pages\/23\/revisions\/1641"}],"wp:attachment":[{"href":"https:\/\/www.cftc-penelope.fr\/index.php\/wp-json\/wp\/v2\/media?parent=23"}],"curies":[{"name":"wp","href":"https:\/\/api.w.org\/{rel}","templated":true}]}}