{"id":107,"date":"2017-06-02T11:30:18","date_gmt":"2017-06-02T09:30:18","guid":{"rendered":"https:\/\/cftc-penelope.fr\/?page_id=107"},"modified":"2023-05-10T17:50:52","modified_gmt":"2023-05-10T15:50:52","slug":"la-convention-collective","status":"publish","type":"page","link":"https:\/\/www.cftc-penelope.fr\/index.php\/la-convention-collective\/","title":{"rendered":"La convention collective"},"content":{"rendered":"<p><i>Attention ! Conna\u00eetre et disposer de textes ne suffit pas toujours ! Il faut \u00e9galement savoir comment les diff\u00e9rents textes\u00a0<\/i><i>s&rsquo;articulent entre eux&#8230; En cas de doute, nous vous invitons \u00e0 nous poser votre question gr\u00e2ce au <strong>\u00a0<a href=\"https:\/\/www.cftc-penelope.fr\/index.php\/contact\/\">formulaire de contact<\/a>.<\/strong><\/i><\/p>\n<p><span style=\"font-size: 14pt;\">Retrouvez la convention collective :<\/span><\/p>\n<p><a role=\"button\" href=\"https:\/\/prestataires-services-tertiaire.my-conventioncollective.fr\/\" target=\"_blank\" rel=\"noopener\"><br \/>\n<span style=\"font-size: 14pt;\">Je consulte la version clarifi\u00e9e de la CFTC<\/span><\/a><span style=\"font-size: 14pt;\"><a role=\"button\" href=\"https:\/\/www.legifrance.gouv.fr\/affichIDCC.do?idConvention=KALICONT000005635550\" target=\"_blank\" rel=\"noopener\"><br \/>\n<\/a><\/span><\/p>\n<p><span style=\"font-size: 14pt;\"><a role=\"button\" href=\"https:\/\/www.legifrance.gouv.fr\/affichIDCC.do?idConvention=KALICONT000005635550\" target=\"_blank\" rel=\"noopener\">Je consulte la version int\u00e9grale sur L\u00e9gifrance<\/a><\/span><\/p>\n<p><span style=\"font-size: 14pt;\"><a href=\"https:\/\/www.cftc-penelope.fr\/index.php\/la-convention-collective\/convention-collective-nationale-du-personnel-des-prestataires-de-service\/\" rel=\"attachment noopener wp-att-1453\">Je consulte la version int\u00e9grale \u00e0 t\u00e9l\u00e9charger<\/a><\/span><\/p>\n","protected":false},"excerpt":{"rendered":"<p>Attention ! Conna\u00eetre et disposer de textes ne suffit pas toujours ! Il faut \u00e9galement savoir comment les diff\u00e9rents textes\u00a0s&rsquo;articulent entre eux&#8230; En cas de doute, nous vous invitons \u00e0 nous poser votre question gr\u00e2ce au \u00a0formulaire de contact. Retrouvez la convention collective : Je consulte la version clarifi\u00e9e de la CFTC Je consulte la version int\u00e9grale sur L\u00e9gifrance Je &#8230; <a title=\"La convention collective\" class=\"read-more\" href=\"https:\/\/www.cftc-penelope.fr\/index.php\/la-convention-collective\/\" aria-label=\"En savoir plus sur La convention collective\">Lire plus<\/a><\/p>\n","protected":false},"author":1,"featured_media":0,"parent":0,"menu_order":0,"comment_status":"closed","ping_status":"closed","template":"","meta":{"generate_page_header":"","jetpack_post_was_ever_published":false,"footnotes":""},"class_list":["post-107","page","type-page","status-publish"],"yoast_head":"<!-- This site is optimized with the Yoast SEO plugin v27.4 - https:\/\/yoast.com\/product\/yoast-seo-wordpress\/ -->\n<title>La convention collective - CFTC P\u00e9n\u00e9lope<\/title>\n<meta name=\"robots\" content=\"index, follow, max-snippet:-1, max-image-preview:large, max-video-preview:-1\" \/>\n<link rel=\"canonical\" href=\"https:\/\/www.cftc-penelope.fr\/index.php\/la-convention-collective\/\" \/>\n<meta property=\"og:locale\" content=\"fr_FR\" \/>\n<meta property=\"og:type\" content=\"article\" \/>\n<meta property=\"og:title\" content=\"La convention collective - CFTC P\u00e9n\u00e9lope\" \/>\n<meta property=\"og:description\" content=\"Attention ! Conna\u00eetre et disposer de textes ne suffit pas toujours ! Il faut \u00e9galement savoir comment les diff\u00e9rents textes\u00a0s&rsquo;articulent entre eux&#8230; En cas de doute, nous vous invitons \u00e0 nous poser votre question gr\u00e2ce au \u00a0formulaire de contact. Retrouvez la convention collective : Je consulte la version clarifi\u00e9e de la CFTC Je consulte la version int\u00e9grale sur L\u00e9gifrance Je ... Lire plus\" \/>\n<meta property=\"og:url\" content=\"https:\/\/www.cftc-penelope.fr\/index.php\/la-convention-collective\/\" \/>\n<meta property=\"og:site_name\" content=\"CFTC P\u00e9n\u00e9lope\" \/>\n<meta property=\"article:modified_time\" content=\"2023-05-10T15:50:52+00:00\" \/>\n<meta name=\"twitter:card\" content=\"summary_large_image\" \/>\n<meta name=\"twitter:label1\" content=\"Dur\u00e9e de lecture estim\u00e9e\" \/>\n\t<meta name=\"twitter:data1\" content=\"1 minute\" \/>\n<script type=\"application\/ld+json\" class=\"yoast-schema-graph\">{\"@context\":\"https:\\\/\\\/schema.org\",\"@graph\":[{\"@type\":\"WebPage\",\"@id\":\"https:\\\/\\\/www.cftc-penelope.fr\\\/index.php\\\/la-convention-collective\\\/\",\"url\":\"https:\\\/\\\/www.cftc-penelope.fr\\\/index.php\\\/la-convention-collective\\\/\",\"name\":\"La convention collective - CFTC P\u00e9n\u00e9lope\",\"isPartOf\":{\"@id\":\"https:\\\/\\\/www.cftc-penelope.fr\\\/#website\"},\"datePublished\":\"2017-06-02T09:30:18+00:00\",\"dateModified\":\"2023-05-10T15:50:52+00:00\",\"breadcrumb\":{\"@id\":\"https:\\\/\\\/www.cftc-penelope.fr\\\/index.php\\\/la-convention-collective\\\/#breadcrumb\"},\"inLanguage\":\"fr-FR\",\"potentialAction\":[{\"@type\":\"ReadAction\",\"target\":[\"https:\\\/\\\/www.cftc-penelope.fr\\\/index.php\\\/la-convention-collective\\\/\"]}]},{\"@type\":\"BreadcrumbList\",\"@id\":\"https:\\\/\\\/www.cftc-penelope.fr\\\/index.php\\\/la-convention-collective\\\/#breadcrumb\",\"itemListElement\":[{\"@type\":\"ListItem\",\"position\":1,\"name\":\"Accueil\",\"item\":\"https:\\\/\\\/www.cftc-penelope.fr\\\/\"},{\"@type\":\"ListItem\",\"position\":2,\"name\":\"La convention collective\"}]},{\"@type\":\"WebSite\",\"@id\":\"https:\\\/\\\/www.cftc-penelope.fr\\\/#website\",\"url\":\"https:\\\/\\\/www.cftc-penelope.fr\\\/\",\"name\":\"CFTC P\u00e9n\u00e9lope\",\"description\":\"\",\"publisher\":{\"@id\":\"https:\\\/\\\/www.cftc-penelope.fr\\\/#organization\"},\"potentialAction\":[{\"@type\":\"SearchAction\",\"target\":{\"@type\":\"EntryPoint\",\"urlTemplate\":\"https:\\\/\\\/www.cftc-penelope.fr\\\/?s={search_term_string}\"},\"query-input\":{\"@type\":\"PropertyValueSpecification\",\"valueRequired\":true,\"valueName\":\"search_term_string\"}}],\"inLanguage\":\"fr-FR\"},{\"@type\":\"Organization\",\"@id\":\"https:\\\/\\\/www.cftc-penelope.fr\\\/#organization\",\"name\":\"CFTC P\u00e9n\u00e9lope\",\"url\":\"https:\\\/\\\/www.cftc-penelope.fr\\\/\",\"logo\":{\"@type\":\"ImageObject\",\"inLanguage\":\"fr-FR\",\"@id\":\"https:\\\/\\\/www.cftc-penelope.fr\\\/#\\\/schema\\\/logo\\\/image\\\/\",\"url\":\"https:\\\/\\\/www.cftc-penelope.fr\\\/wp-content\\\/uploads\\\/2025\\\/09\\\/bandeau-header-cftc-penelope-2025.jpg\",\"contentUrl\":\"https:\\\/\\\/www.cftc-penelope.fr\\\/wp-content\\\/uploads\\\/2025\\\/09\\\/bandeau-header-cftc-penelope-2025.jpg\",\"width\":1500,\"height\":307,\"caption\":\"CFTC P\u00e9n\u00e9lope\"},\"image\":{\"@id\":\"https:\\\/\\\/www.cftc-penelope.fr\\\/#\\\/schema\\\/logo\\\/image\\\/\"}}]}<\/script>\n<!-- \/ Yoast SEO plugin. -->","yoast_head_json":{"title":"La convention collective - CFTC P\u00e9n\u00e9lope","robots":{"index":"index","follow":"follow","max-snippet":"max-snippet:-1","max-image-preview":"max-image-preview:large","max-video-preview":"max-video-preview:-1"},"canonical":"https:\/\/www.cftc-penelope.fr\/index.php\/la-convention-collective\/","og_locale":"fr_FR","og_type":"article","og_title":"La convention collective - CFTC P\u00e9n\u00e9lope","og_description":"Attention ! Conna\u00eetre et disposer de textes ne suffit pas toujours ! Il faut \u00e9galement savoir comment les diff\u00e9rents textes\u00a0s&rsquo;articulent entre eux&#8230; En cas de doute, nous vous invitons \u00e0 nous poser votre question gr\u00e2ce au \u00a0formulaire de contact. Retrouvez la convention collective : Je consulte la version clarifi\u00e9e de la CFTC Je consulte la version int\u00e9grale sur L\u00e9gifrance Je ... Lire plus","og_url":"https:\/\/www.cftc-penelope.fr\/index.php\/la-convention-collective\/","og_site_name":"CFTC P\u00e9n\u00e9lope","article_modified_time":"2023-05-10T15:50:52+00:00","twitter_card":"summary_large_image","twitter_misc":{"Dur\u00e9e de lecture estim\u00e9e":"1 minute"},"schema":{"@context":"https:\/\/schema.org","@graph":[{"@type":"WebPage","@id":"https:\/\/www.cftc-penelope.fr\/index.php\/la-convention-collective\/","url":"https:\/\/www.cftc-penelope.fr\/index.php\/la-convention-collective\/","name":"La convention collective - CFTC P\u00e9n\u00e9lope","isPartOf":{"@id":"https:\/\/www.cftc-penelope.fr\/#website"},"datePublished":"2017-06-02T09:30:18+00:00","dateModified":"2023-05-10T15:50:52+00:00","breadcrumb":{"@id":"https:\/\/www.cftc-penelope.fr\/index.php\/la-convention-collective\/#breadcrumb"},"inLanguage":"fr-FR","potentialAction":[{"@type":"ReadAction","target":["https:\/\/www.cftc-penelope.fr\/index.php\/la-convention-collective\/"]}]},{"@type":"BreadcrumbList","@id":"https:\/\/www.cftc-penelope.fr\/index.php\/la-convention-collective\/#breadcrumb","itemListElement":[{"@type":"ListItem","position":1,"name":"Accueil","item":"https:\/\/www.cftc-penelope.fr\/"},{"@type":"ListItem","position":2,"name":"La convention collective"}]},{"@type":"WebSite","@id":"https:\/\/www.cftc-penelope.fr\/#website","url":"https:\/\/www.cftc-penelope.fr\/","name":"CFTC P\u00e9n\u00e9lope","description":"","publisher":{"@id":"https:\/\/www.cftc-penelope.fr\/#organization"},"potentialAction":[{"@type":"SearchAction","target":{"@type":"EntryPoint","urlTemplate":"https:\/\/www.cftc-penelope.fr\/?s={search_term_string}"},"query-input":{"@type":"PropertyValueSpecification","valueRequired":true,"valueName":"search_term_string"}}],"inLanguage":"fr-FR"},{"@type":"Organization","@id":"https:\/\/www.cftc-penelope.fr\/#organization","name":"CFTC P\u00e9n\u00e9lope","url":"https:\/\/www.cftc-penelope.fr\/","logo":{"@type":"ImageObject","inLanguage":"fr-FR","@id":"https:\/\/www.cftc-penelope.fr\/#\/schema\/logo\/image\/","url":"https:\/\/www.cftc-penelope.fr\/wp-content\/uploads\/2025\/09\/bandeau-header-cftc-penelope-2025.jpg","contentUrl":"https:\/\/www.cftc-penelope.fr\/wp-content\/uploads\/2025\/09\/bandeau-header-cftc-penelope-2025.jpg","width":1500,"height":307,"caption":"CFTC P\u00e9n\u00e9lope"},"image":{"@id":"https:\/\/www.cftc-penelope.fr\/#\/schema\/logo\/image\/"}}]}},"jetpack_sharing_enabled":true,"jetpack_shortlink":"https:\/\/wp.me\/P9G9l6-1J","_links":{"self":[{"href":"https:\/\/www.cftc-penelope.fr\/index.php\/wp-json\/wp\/v2\/pages\/107","targetHints":{"allow":["GET"]}}],"collection":[{"href":"https:\/\/www.cftc-penelope.fr\/index.php\/wp-json\/wp\/v2\/pages"}],"about":[{"href":"https:\/\/www.cftc-penelope.fr\/index.php\/wp-json\/wp\/v2\/types\/page"}],"author":[{"embeddable":true,"href":"https:\/\/www.cftc-penelope.fr\/index.php\/wp-json\/wp\/v2\/users\/1"}],"replies":[{"embeddable":true,"href":"https:\/\/www.cftc-penelope.fr\/index.php\/wp-json\/wp\/v2\/comments?post=107"}],"version-history":[{"count":21,"href":"https:\/\/www.cftc-penelope.fr\/index.php\/wp-json\/wp\/v2\/pages\/107\/revisions"}],"predecessor-version":[{"id":1457,"href":"https:\/\/www.cftc-penelope.fr\/index.php\/wp-json\/wp\/v2\/pages\/107\/revisions\/1457"}],"wp:attachment":[{"href":"https:\/\/www.cftc-penelope.fr\/index.php\/wp-json\/wp\/v2\/media?parent=107"}],"curies":[{"name":"wp","href":"https:\/\/api.w.org\/{rel}","templated":true}]}}